{"id":797,"date":"2024-01-11T15:34:34","date_gmt":"2024-01-11T13:34:34","guid":{"rendered":"https:\/\/feeniks-koulu.fi\/wp_feeniks\/?page_id=797"},"modified":"2025-12-03T12:19:54","modified_gmt":"2025-12-03T10:19:54","slug":"englannin-ja-ruotsin-kielikurssit","status":"publish","type":"page","link":"https:\/\/feeniks-koulu.fi\/wp_feeniks\/englannin-ja-ruotsin-kielikurssit\/","title":{"rendered":"Englannin ja ruotsin kielikurssit"},"content":{"rendered":"<h4>Tervetuloa opiskelemaan englantia ja ruotsia kev\u00e4\u00e4ll\u00e4 2026 toteutettaville kielikursseille!<\/h4>\r\n<p>Kurssit ovat tarkoitettu kotikoululaisille ja ne toteutetaan Zoom-et\u00e4yhteydell\u00e4.\u00a0<\/p>\r\n<p>Lue t\u00e4lt\u00e4 sivulta tarkemmat tiedot kev\u00e4\u00e4n 2026 kielikursseista ja ilmoittaudu mukaan!<\/p>\r\n<p><strong>Feeniks-nettikoululaiset saavat kursseista -20 % Early Bird -alennuksen 4.1. asti (kurssi 1) ja 15.2. asti (kurssi 2). Alennuskoodit l\u00f6ytyv\u00e4t nettikoulun uutisista.<\/strong><\/p>\r\n<hr \/>\r\n<p><strong>Kev\u00e4\u00e4n 2026 kielten kurssit pidet\u00e4\u00e4n 20.1.-25.2. (kurssi 1) ja 9.3.-15.4. (kurssi 2) seuraavina ajankohtina:\u00a0<\/strong><\/p>\r\n<ul>\r\n<li>Maanantaisin klo 11-12 englantia 3.-6.-luokkalaisille<\/li>\r\n<li>Maanantaisin klo 12.15-13.30 englantia yl\u00e4koululaisille<\/li>\r\n<li>Tiistaisin klo 11-12 ruotsia 6.-luokkalaisille ja aloitteleville<\/li>\r\n<li>Tiistaisin klo 12.15-13.30 ruotsia yl\u00e4koululaisille ja edistyneemmille<\/li>\r\n<li>Keskiviikkoisin klo 11-11.45 englantia 0.-2.-luokkalaisille<\/li>\r\n<\/ul>\r\n<p>Kursseille ovat tervetulleita aiemmin ryhmiss\u00e4 olleet sek\u00e4 uudet oppilaat! Kurssit 1 ja 2 toimivat itsen\u00e4isin\u00e4 kokonaisuuksinaan, mutta ovat samalla luonteva jatkumo toisilleen sek\u00e4 syksyn menneille kursseille.\u00a0<\/p>\r\n<p dir=\"ltr\"><b>Kurssit ostetaan Feeniks-nettikoulun kaupasta ennen kurssin alkamista.\u00a0<\/b>Maksa kurssi Feeniks-nettikoulun verkkokaupassa ilmoittautumisen yhteydess\u00e4:\u00a0<a href=\"https:\/\/kauppa.feeniks-koulu.fi\" target=\"_blank\" rel=\"noopener\">kauppa.feeniks-koulu.fi<\/a>.\u00a0Kurssipaikka varataan teille maksun j\u00e4lkeen. Ilmoittautuminen on sitova.<\/p>\r\n<p dir=\"ltr\"><strong>Feeniks-nettikoululaiset saavat kursseista -20 % Early Bird -alennuksen 4.1. asti (kurssi 1) ja 15.2. asti (kurssi 2). Alennuskoodit l\u00f6ytyv\u00e4t nettikoulun uutisista.<\/strong><\/p>\r\n<p>Voit ilmoittautua yhdelle tai useammalle kurssille <a href=\"https:\/\/docs.google.com\/forms\/d\/1QXtDzqFcvAQ67IDLa1ccFszRMXngAW7RQ1PXjvziAIU\/edit\" target=\"_blank\" rel=\"noopener\">t\u00e4ll\u00e4 ilmoittautumislomakkeella<\/a>. T\u00e4yt\u00e4th\u00e4n jokaisesta oppilaasta oman lomakkeen! \ud83d\ude0a<\/p>\r\n<hr \/>\r\n<h2><span style=\"text-decoration: underline;\">Englannin kurssit<\/span><\/h2>\r\n<h3>Englantia 0.-2.-luokkalaisille keskiviikkoisin klo 11-11.45<\/h3>\r\n<p><strong>K<\/strong><strong>urssi 1: keskiviikkoisin 21.1.-25.2. klo 11-11.45<b> | 70\u20ac\/perhe<\/b><\/strong><\/p>\r\n<p><strong>Kurssi 2: keskiviikkoisin 11.3.-15.4. klo 11-11.45<b> | 70\u20ac\/perhe<\/b><\/strong><\/p>\r\n<p>Opiskelutuokioiden avulla her\u00e4ttelemme kiinnostusta englannin kieleen ja sen opiskeluun. Tutustumme kieleen puhumisen ja kuuntelun, kirjoittamisen opettelun ja vihkoty\u00f6skentelyn sek\u00e4 musiikin, loruttelun ja kuvien kautta. Lapsi oppii arkip\u00e4iv\u00e4n sanoja ja sanontoja yhdess\u00e4 muiden lasten kanssa opiskellen.<\/p>\r\n<p>Oppitunnille tarvitset mukaan oman vihkon, kyn\u00e4n ja v\u00e4rikyni\u00e4. Varaathan vihkoty\u00f6skentelylle ja pienille kotiteht\u00e4ville aikaa my\u00f6s tuntien j\u00e4lkeen kotona. Kurssin materiaalit ja kotiteht\u00e4v\u00e4t kootaan Classroomiin.<\/p>\r\n<p>Tunneille voit osallistua tietokoneella, tabletilla tai puhelimella. Tunnille voi osallistua yksin tai isosisaruksen, vanhemman, isovanhemman, kummin tai muun aikuisen kanssa. Aikuisen on hyv\u00e4 olla l\u00e4hettyvill\u00e4 tuntien ajan auttamassa laitteen k\u00e4yt\u00f6ss\u00e4 tarvittaesssa.<\/p>\r\n<p>Tarkistathan ennen kurssia, ett\u00e4 \u00e4\u00e4net, mikrofoni ja videokuva toimivat. Tunneille osallistutaan videokuvan ja \u00e4\u00e4nen kanssa, ellei toisin ole opettajan kanssa etuk\u00e4teen sovittu.<\/p>\r\n<p>Yhden kurssin hinta (6 viikkoa) on 70\u20ac\/perhe.<b> <strong>Feeniks-nettikoululaiset saavat kursseista -20 % Early Bird-alennuksen 4.1. asti (kurssi 1) ja 15.2. asti (kurssi 2). Alennuskoodit l\u00f6ytyv\u00e4t nettikoulun uutisista.<\/strong><\/b><\/p>\r\n<h3>Englantia 3.-6.-luokkalaisille maanantaisin klo 11-12<\/h3>\r\n<p><strong>K<\/strong><strong>urssi 1: maanantaisin 22.1.-23.2. klo 11-12 <b>| 100\u20ac\/oppilas. <span style=\"color: #ff0000;\">Huom. ensimm\u00e4isell\u00e4 kurssikerralla kokoonnutaan torstaina 22.1.<\/span><\/b><\/strong><\/p>\r\n<p><strong>Kurssi 2: maanantaisin 9.3.-13.4. klo 11-12 <b>| 100\u20ac\/oppilas<\/b><\/strong><\/p>\r\n<p>Harjoittelemme englannin kielt\u00e4 puhuen, kuunnellen, kirjoittaen ja lukien sanaston, lauseiden ja tekstien tasolla. Opettelemme kielioppia ja oikeaa \u00e4\u00e4nt\u00e4mis- ja kirjoitusasua. Tutustumme my\u00f6s englantia puhuviin maihin, kulttuuriin ja juhlap\u00e4iviin. Her\u00e4ttelemme kiinnostusta kieltenopiskeluun ja harjoittelemme ik\u00e4ryhm\u00e4lle soveltuvia oppimistekniikoita.<\/p>\r\n<p>Varaathan itsen\u00e4iselle opiskelulle ja kotiteht\u00e4ville aikaa my\u00f6s tuntien j\u00e4lkeen kotona. Kurssin materiaalit ja kotiteht\u00e4v\u00e4t kootaan Classroomiin.<\/p>\r\n<p>Osallistua voit tietokoneella, puhelimella tai tabletilla. Otathan mukaasi vihkon ja kyn\u00e4n!<\/p>\r\n<p>Tarkistathan ennen kurssia, ett\u00e4 \u00e4\u00e4net, mikrofoni ja videokuva toimivat. Tunneille osallistutaan videokuvan ja \u00e4\u00e4nen kanssa, ellei toisin ole opettajan kanssa etuk\u00e4teen sovittu.<\/p>\r\n<p>Yhden kurssin hinta (6 viikkoa) on 100\u20ac\/oppilas. <strong>Feeniks-nettikoululaiset saavat kursseista -20 % Early Bird -alennuksen 4.1. asti (kurssi 1) ja 15.2. asti (kurssi 2). Alennuskoodit l\u00f6ytyv\u00e4t nettikoulun uutisista.<\/strong><\/p>\r\n<h3>Englantia yl\u00e4koululaisille maanantaisin klo 12.15-13.30<\/h3>\r\n<p><strong>K<\/strong><strong>urssi 1: maanantaisin 22.1.-23.2. klo 12.15-13.30 <b>| 120\u20ac\/oppilas. <span style=\"color: #ff0000;\">Huom. ensimm\u00e4isell\u00e4 kurssikerralla kokoonnutaan torstaina 22.1.<\/span><\/b><\/strong><\/p>\r\n<p><strong>Kurssi 2: maanantaisin 9.3.-13.4. klo 12.15-13.30<b> | 120\u20ac\/oppilas<\/b><\/strong><\/p>\r\n<p>Puhumme englanniksi eri aiheista, harjoittelemme sanastoa, kielioppirakenteita ja kirjallista ilmaisua sek\u00e4 opettelemme erilaisia opiskelutaitoja. Lis\u00e4ksi harjoittelemme tavoitteiden luomista yksin ja ryhm\u00e4n\u00e4 sek\u00e4 itse- ja vertaisarviointia.<\/p>\r\n<p>Varaathan itsen\u00e4iselle opiskelulle ja kotiteht\u00e4ville aikaa my\u00f6s tuntien j\u00e4lkeen kotona. Kurssin materiaalit ja kotiteht\u00e4v\u00e4t kootaan Classroomiin.<\/p>\r\n<p>Tarkistathan ennen kurssia, ett\u00e4 \u00e4\u00e4net, mikrofoni ja videokuva toimivat. Tunneille osallistutaan videokuvan ja \u00e4\u00e4nen kanssa, ellei toisin ole opettajan kanssa etuk\u00e4teen sovittu.<\/p>\r\n<p>Yhden kurssin hinta (6 viikkoa) on 120\u20ac\/oppilas. <strong>Feeniks-nettikoululaiset saavat kursseista -20 % Early Bird -alennuksen 4.1. asti (kurssi 1) ja 15.2. asti (kurssi 2). Alennuskoodit l\u00f6ytyv\u00e4t nettikoulun uutisista.<\/strong><\/p>\r\n<hr \/>\r\n<h2><span style=\"text-decoration: underline;\">Ruotsin kurssit<\/span><\/h2>\r\n<h3>Ruotsia 6.-luokkalaisille tiistaisin klo 11-12<\/h3>\r\n<p><strong>K<\/strong><strong>urssi 1: tiistaisin 20.1.-24.2. klo 11-12<b> | 100\u20ac\/oppilas<\/b><\/strong><\/p>\r\n<p><strong>Kurssi 2: tiistaisin 10.3.-13.4. klo 11-12<b> | 100\u20ac\/oppilas<\/b><\/strong><\/p>\r\n<p>Kurssilla opiskelemme ruotsia monipuolisin harjoituksin. Keskitymme eri teemojen sanastoon, helppoihin kielioppiasioihin ja mielenkiinnon her\u00e4\u00e4miseen kielt\u00e4 kohtaan. Tutustumme ruotsinkieliseen kieliymp\u00e4rist\u00f6\u00f6n ja harjoittelemme opiskelutaitoja. Lis\u00e4ksi k\u00e4ymme l\u00e4pi ruotsin \u00e4\u00e4nt\u00e4mist\u00e4.<\/p>\r\n<p>Varaathan itsen\u00e4iselle opiskelulle ja kotiteht\u00e4ville aikaa my\u00f6s tuntien j\u00e4lkeen kotona. Kurssin materiaalit ja kotiteht\u00e4v\u00e4t kootaan Classroomiin.<\/p>\r\n<p>Osallistua voit tietokoneella, puhelimella tai tabletilla. Varaathan tunneille mukaasi muistiinpanov\u00e4lineet!<\/p>\r\n<p>Tarkistathan ennen kurssia, ett\u00e4 \u00e4\u00e4net, mikrofoni ja videokuva toimivat. Tunneille osallistutaan videokuvan ja \u00e4\u00e4nen kanssa, ellei toisin ole opettajan kanssa etuk\u00e4teen sovittu.<\/p>\r\n<p>Yhden kurssin hinta (6 viikkoa) on 100\u20ac\/oppilas. <strong>Feeniks-nettikoululaiset saavat kursseista -20 % Early Bird -alennuksen 4.1. asti (kurssi 1) ja 15.2. asti (kurssi 2). Alennuskoodit l\u00f6ytyv\u00e4t nettikoulun uutisista.<\/strong><\/p>\r\n<h3>Ruotsia yl\u00e4koululaisille tiistaisin klo 12.15-13.30<\/h3>\r\n<p><strong>K<\/strong><strong>urssi 1: tiistaisin 20.1.-24.2. klo 12.15-13.30<b> | 120\u20ac\/oppilas<\/b><\/strong><\/p>\r\n<p><strong>Kurssi 2: tiistaisin 10.3.-13.4. klo 12.15-13.30 <b>| 120\u20ac\/oppilas<\/b><\/strong><\/p>\r\n<p>Harjoittelemme ruotsia keskittym\u00e4ll\u00e4 sanastoon, rakenteisiin ja arkip\u00e4iv\u00e4n ilmaisuihin. Tunneilla k\u00e4ymme l\u00e4pi pieni\u00e4 tekstej\u00e4 sek\u00e4 harjoittelemme kuuntelemaan puhuttua kielt\u00e4 ja reagoimaan eri asioimistilanteissa. Lis\u00e4ksi harjoittelemme tavoitteiden luomista ja niiden toteutumista sek\u00e4 itsearviointia.<\/p>\r\n<p>Varaathan itsen\u00e4iselle opiskelulle ja kotiteht\u00e4ville aikaa my\u00f6s tuntien j\u00e4lkeen kotona. Kurssin materiaalit ja kotiteht\u00e4v\u00e4t kootaan Classroomiin.<\/p>\r\n<p>Voit osallistua tunneille tietokoneella, tabletilla tai puhelimella. Otathan mukaan tunneille muistiinpanov\u00e4lineet!<\/p>\r\n<p>Tarkistathan ennen kurssia, ett\u00e4 \u00e4\u00e4net, mikrofoni ja videokuva toimivat. Tunneille osallistutaan videokuvan ja \u00e4\u00e4nen kanssa, ellei toisin ole opettajan kanssa etuk\u00e4teen sovittu.<\/p>\r\n<p>Yhden kurssin hinta (6 viikkoa) on 120\u20ac\/oppilas. <strong>Feeniks-nettikoululaiset saavat kursseista -20 % Early Bird -alennuksen 4.1. asti (kurssi 1) ja 15.2. asti (kurssi 2). Alennuskoodit l\u00f6ytyv\u00e4t nettikoulun uutisista.<\/strong><\/p>\r\n<hr \/>\r\n<h2><span style=\"text-decoration: underline;\">T\u00e4rke\u00e4\u00e4 tietoa kielikursseista<\/span><\/h2>\r\n<p>Opettajana kursseilla toimii kieltenopettaja Milaja Nuutinen. Milajalla on selke\u00e4 ja rauhallinen opetustyyli. Asioita k\u00e4yd\u00e4\u00e4n l\u00e4pi oman oivaltamisen ja monipuolisen tekemisen kautta.<\/p>\r\n<p>Tunnit toteutetaan et\u00e4n\u00e4 Zoomin v\u00e4lityksell\u00e4 \u00e4\u00e4nen ja chatin kautta sek\u00e4 videokuvan kanssa. Varmistathan siis etuk\u00e4teen, ett\u00e4 mikrofoni, \u00e4\u00e4net ja kamera toimii! Tunneille osallistutaan videokuvan ja \u00e4\u00e4nen kanssa, ellei toisin ole opettajan kanssa etuk\u00e4teen sovittu.<\/p>\r\n<p>Kurssit alkavat viikolla 4 ja ne t\u00e4ytet\u00e4\u00e4n ilmoittautumisj\u00e4rjestyksess\u00e4.<\/p>\r\n<p>Varmista paikkasi kursseilta ja ilmoittaudu mukaan mahdollisimman pian!\u00a0<\/p>\r\n<p><strong>Kurssi-ilmoittautuminen tapahtuu <a href=\"https:\/\/docs.google.com\/forms\/d\/1QXtDzqFcvAQ67IDLa1ccFszRMXngAW7RQ1PXjvziAIU\/edit\" target=\"_blank\" rel=\"noopener\">t\u00e4ll\u00e4 ilmoittautumislomakkeella<\/a>.<\/strong><\/p>\r\n<p>Yhden kurssin hinta sis\u00e4lt\u00e4\u00e4 yhteens\u00e4 kuusi et\u00e4opetuskertaa. Kurssin p\u00e4\u00e4tytty\u00e4 vanhempi saa koosteen kurssin sis\u00e4ll\u00f6ist\u00e4.<\/p>\r\n<p>Tervetuloa mukaan oppimaan ruotsia ja englantia yhdess\u00e4!<\/p>\r\n<p>&nbsp;<\/p>\r\n<h3><strong>Opettajan yhteystiedot:<\/strong><\/h3>\r\n<p>Milaja Nuutinen<\/p>\r\n<p style=\"padding-left: 40px;\">WhatsApp: 040 509 1919<\/p>\r\n<p style=\"padding-left: 40px;\">milaja.nuutinen@feeniks-koulu.fi<\/p>\r\n\r\n<p>&nbsp;<\/p>\r\n","protected":false},"excerpt":{"rendered":"<p>Tervetuloa opiskelemaan englantia ja ruotsia kev\u00e4\u00e4ll\u00e4 2026 toteutettaville kielikursseille! Kurssit ovat tarkoitettu kotikoululaisille ja ne toteutetaan Zoom-et\u00e4yhteydell\u00e4.\u00a0 Lue t\u00e4lt\u00e4 sivulta tarkemmat tiedot kev\u00e4\u00e4n 2026 kielikursseista ja ilmoittaudu mukaan! Feeniks-nettikoululaiset saavat kursseista -20 % Early Bird -alennuksen 4.1. asti (kurssi 1) ja 15.2. asti (kurssi 2). Alennuskoodit l\u00f6ytyv\u00e4t nettikoulun uutisista. Kev\u00e4\u00e4n 2026 kielten kurssit pidet\u00e4\u00e4n 20.1.-25.2. [&hellip;]<\/p>\n","protected":false},"author":1,"featured_media":0,"parent":0,"menu_order":0,"comment_status":"closed","ping_status":"closed","template":"","meta":{"_monsterinsights_skip_tracking":false,"_monsterinsights_sitenote_active":false,"_monsterinsights_sitenote_note":"","_monsterinsights_sitenote_category":0,"footnotes":""},"class_list":["post-797","page","type-page","status-publish","hentry"],"yoast_head":"<!-- This site is optimized with the Yoast SEO plugin v27.3 - https:\/\/yoast.com\/product\/yoast-seo-wordpress\/ -->\n<title>Englannin ja ruotsin kielikurssit - Feeniks-nettikoulu<\/title>\n<meta name=\"description\" content=\"Tervetuloa kotikoululaisille suunnatuille englannin ja ruotsin kielikursseille!\" \/>\n<meta name=\"robots\" content=\"index, follow, max-snippet:-1, max-image-preview:large, max-video-preview:-1\" \/>\n<link rel=\"canonical\" href=\"https:\/\/feeniks-koulu.fi\/wp_feeniks\/englannin-ja-ruotsin-kielikurssit\/\" \/>\n<meta property=\"og:locale\" content=\"fi_FI\" \/>\n<meta property=\"og:type\" content=\"article\" \/>\n<meta property=\"og:title\" content=\"Englannin ja ruotsin kielikurssit - Feeniks-nettikoulu\" \/>\n<meta property=\"og:description\" content=\"Tervetuloa kotikoululaisille suunnatuille englannin ja ruotsin kielikursseille!\" \/>\n<meta property=\"og:url\" content=\"https:\/\/feeniks-koulu.fi\/wp_feeniks\/englannin-ja-ruotsin-kielikurssit\/\" \/>\n<meta property=\"og:site_name\" content=\"Feeniks-nettikoulu\" \/>\n<meta property=\"article:modified_time\" content=\"2025-12-03T10:19:54+00:00\" \/>\n<meta name=\"twitter:card\" content=\"summary_large_image\" \/>\n<meta name=\"twitter:label1\" content=\"Arvioitu lukuaika\" \/>\n\t<meta name=\"twitter:data1\" content=\"6 minuuttia\" \/>\n<script type=\"application\/ld+json\" class=\"yoast-schema-graph\">{\"@context\":\"https:\\\/\\\/schema.org\",\"@graph\":[{\"@type\":\"WebPage\",\"@id\":\"https:\\\/\\\/feeniks-koulu.fi\\\/wp_feeniks\\\/englannin-ja-ruotsin-kielikurssit\\\/\",\"url\":\"https:\\\/\\\/feeniks-koulu.fi\\\/wp_feeniks\\\/englannin-ja-ruotsin-kielikurssit\\\/\",\"name\":\"Englannin ja ruotsin kielikurssit - Feeniks-nettikoulu\",\"isPartOf\":{\"@id\":\"https:\\\/\\\/feeniks-koulu.fi\\\/wp_feeniks\\\/#website\"},\"datePublished\":\"2024-01-11T13:34:34+00:00\",\"dateModified\":\"2025-12-03T10:19:54+00:00\",\"description\":\"Tervetuloa kotikoululaisille suunnatuille englannin ja ruotsin kielikursseille!\",\"breadcrumb\":{\"@id\":\"https:\\\/\\\/feeniks-koulu.fi\\\/wp_feeniks\\\/englannin-ja-ruotsin-kielikurssit\\\/#breadcrumb\"},\"inLanguage\":\"fi\",\"potentialAction\":[{\"@type\":\"ReadAction\",\"target\":[\"https:\\\/\\\/feeniks-koulu.fi\\\/wp_feeniks\\\/englannin-ja-ruotsin-kielikurssit\\\/\"]}]},{\"@type\":\"BreadcrumbList\",\"@id\":\"https:\\\/\\\/feeniks-koulu.fi\\\/wp_feeniks\\\/englannin-ja-ruotsin-kielikurssit\\\/#breadcrumb\",\"itemListElement\":[{\"@type\":\"ListItem\",\"position\":1,\"name\":\"Etusivu\",\"item\":\"https:\\\/\\\/feeniks-koulu.fi\\\/wp_feeniks\\\/\"},{\"@type\":\"ListItem\",\"position\":2,\"name\":\"Englannin ja ruotsin kielikurssit\"}]},{\"@type\":\"WebSite\",\"@id\":\"https:\\\/\\\/feeniks-koulu.fi\\\/wp_feeniks\\\/#website\",\"url\":\"https:\\\/\\\/feeniks-koulu.fi\\\/wp_feeniks\\\/\",\"name\":\"Feeniks-nettikoulu\",\"description\":\"\",\"publisher\":{\"@id\":\"https:\\\/\\\/feeniks-koulu.fi\\\/wp_feeniks\\\/#organization\"},\"potentialAction\":[{\"@type\":\"SearchAction\",\"target\":{\"@type\":\"EntryPoint\",\"urlTemplate\":\"https:\\\/\\\/feeniks-koulu.fi\\\/wp_feeniks\\\/?s={search_term_string}\"},\"query-input\":{\"@type\":\"PropertyValueSpecification\",\"valueRequired\":true,\"valueName\":\"search_term_string\"}}],\"inLanguage\":\"fi\"},{\"@type\":\"Organization\",\"@id\":\"https:\\\/\\\/feeniks-koulu.fi\\\/wp_feeniks\\\/#organization\",\"name\":\"Feeniks-nettikoulu\",\"url\":\"https:\\\/\\\/feeniks-koulu.fi\\\/wp_feeniks\\\/\",\"logo\":{\"@type\":\"ImageObject\",\"inLanguage\":\"fi\",\"@id\":\"https:\\\/\\\/feeniks-koulu.fi\\\/wp_feeniks\\\/#\\\/schema\\\/logo\\\/image\\\/\",\"url\":\"https:\\\/\\\/feeniks-koulu.fi\\\/wp_feeniks\\\/wp-content\\\/uploads\\\/2016\\\/08\\\/oranssi_pieni.png\",\"contentUrl\":\"https:\\\/\\\/feeniks-koulu.fi\\\/wp_feeniks\\\/wp-content\\\/uploads\\\/2016\\\/08\\\/oranssi_pieni.png\",\"width\":600,\"height\":187,\"caption\":\"Feeniks-nettikoulu\"},\"image\":{\"@id\":\"https:\\\/\\\/feeniks-koulu.fi\\\/wp_feeniks\\\/#\\\/schema\\\/logo\\\/image\\\/\"}}]}<\/script>\n<!-- \/ Yoast SEO plugin. -->","yoast_head_json":{"title":"Englannin ja ruotsin kielikurssit - Feeniks-nettikoulu","description":"Tervetuloa kotikoululaisille suunnatuille englannin ja ruotsin kielikursseille!","robots":{"index":"index","follow":"follow","max-snippet":"max-snippet:-1","max-image-preview":"max-image-preview:large","max-video-preview":"max-video-preview:-1"},"canonical":"https:\/\/feeniks-koulu.fi\/wp_feeniks\/englannin-ja-ruotsin-kielikurssit\/","og_locale":"fi_FI","og_type":"article","og_title":"Englannin ja ruotsin kielikurssit - Feeniks-nettikoulu","og_description":"Tervetuloa kotikoululaisille suunnatuille englannin ja ruotsin kielikursseille!","og_url":"https:\/\/feeniks-koulu.fi\/wp_feeniks\/englannin-ja-ruotsin-kielikurssit\/","og_site_name":"Feeniks-nettikoulu","article_modified_time":"2025-12-03T10:19:54+00:00","twitter_card":"summary_large_image","twitter_misc":{"Arvioitu lukuaika":"6 minuuttia"},"schema":{"@context":"https:\/\/schema.org","@graph":[{"@type":"WebPage","@id":"https:\/\/feeniks-koulu.fi\/wp_feeniks\/englannin-ja-ruotsin-kielikurssit\/","url":"https:\/\/feeniks-koulu.fi\/wp_feeniks\/englannin-ja-ruotsin-kielikurssit\/","name":"Englannin ja ruotsin kielikurssit - Feeniks-nettikoulu","isPartOf":{"@id":"https:\/\/feeniks-koulu.fi\/wp_feeniks\/#website"},"datePublished":"2024-01-11T13:34:34+00:00","dateModified":"2025-12-03T10:19:54+00:00","description":"Tervetuloa kotikoululaisille suunnatuille englannin ja ruotsin kielikursseille!","breadcrumb":{"@id":"https:\/\/feeniks-koulu.fi\/wp_feeniks\/englannin-ja-ruotsin-kielikurssit\/#breadcrumb"},"inLanguage":"fi","potentialAction":[{"@type":"ReadAction","target":["https:\/\/feeniks-koulu.fi\/wp_feeniks\/englannin-ja-ruotsin-kielikurssit\/"]}]},{"@type":"BreadcrumbList","@id":"https:\/\/feeniks-koulu.fi\/wp_feeniks\/englannin-ja-ruotsin-kielikurssit\/#breadcrumb","itemListElement":[{"@type":"ListItem","position":1,"name":"Etusivu","item":"https:\/\/feeniks-koulu.fi\/wp_feeniks\/"},{"@type":"ListItem","position":2,"name":"Englannin ja ruotsin kielikurssit"}]},{"@type":"WebSite","@id":"https:\/\/feeniks-koulu.fi\/wp_feeniks\/#website","url":"https:\/\/feeniks-koulu.fi\/wp_feeniks\/","name":"Feeniks-nettikoulu","description":"","publisher":{"@id":"https:\/\/feeniks-koulu.fi\/wp_feeniks\/#organization"},"potentialAction":[{"@type":"SearchAction","target":{"@type":"EntryPoint","urlTemplate":"https:\/\/feeniks-koulu.fi\/wp_feeniks\/?s={search_term_string}"},"query-input":{"@type":"PropertyValueSpecification","valueRequired":true,"valueName":"search_term_string"}}],"inLanguage":"fi"},{"@type":"Organization","@id":"https:\/\/feeniks-koulu.fi\/wp_feeniks\/#organization","name":"Feeniks-nettikoulu","url":"https:\/\/feeniks-koulu.fi\/wp_feeniks\/","logo":{"@type":"ImageObject","inLanguage":"fi","@id":"https:\/\/feeniks-koulu.fi\/wp_feeniks\/#\/schema\/logo\/image\/","url":"https:\/\/feeniks-koulu.fi\/wp_feeniks\/wp-content\/uploads\/2016\/08\/oranssi_pieni.png","contentUrl":"https:\/\/feeniks-koulu.fi\/wp_feeniks\/wp-content\/uploads\/2016\/08\/oranssi_pieni.png","width":600,"height":187,"caption":"Feeniks-nettikoulu"},"image":{"@id":"https:\/\/feeniks-koulu.fi\/wp_feeniks\/#\/schema\/logo\/image\/"}}]}},"_links":{"self":[{"href":"https:\/\/feeniks-koulu.fi\/wp_feeniks\/wp-json\/wp\/v2\/pages\/797","targetHints":{"allow":["GET"]}}],"collection":[{"href":"https:\/\/feeniks-koulu.fi\/wp_feeniks\/wp-json\/wp\/v2\/pages"}],"about":[{"href":"https:\/\/feeniks-koulu.fi\/wp_feeniks\/wp-json\/wp\/v2\/types\/page"}],"author":[{"embeddable":true,"href":"https:\/\/feeniks-koulu.fi\/wp_feeniks\/wp-json\/wp\/v2\/users\/1"}],"replies":[{"embeddable":true,"href":"https:\/\/feeniks-koulu.fi\/wp_feeniks\/wp-json\/wp\/v2\/comments?post=797"}],"version-history":[{"count":57,"href":"https:\/\/feeniks-koulu.fi\/wp_feeniks\/wp-json\/wp\/v2\/pages\/797\/revisions"}],"predecessor-version":[{"id":1150,"href":"https:\/\/feeniks-koulu.fi\/wp_feeniks\/wp-json\/wp\/v2\/pages\/797\/revisions\/1150"}],"wp:attachment":[{"href":"https:\/\/feeniks-koulu.fi\/wp_feeniks\/wp-json\/wp\/v2\/media?parent=797"}],"curies":[{"name":"wp","href":"https:\/\/api.w.org\/{rel}","templated":true}]}}