{"id":600,"date":"2022-05-06T17:32:37","date_gmt":"2022-05-06T15:32:37","guid":{"rendered":"https:\/\/feeniks-koulu.fi\/wp_feeniks\/?page_id=600"},"modified":"2022-05-06T19:35:14","modified_gmt":"2022-05-06T17:35:14","slug":"lataa-opas-kotiopetuksen-aloittamiseen","status":"publish","type":"page","link":"https:\/\/feeniks-koulu.fi\/wp_feeniks\/lataa-opas-kotiopetuksen-aloittamiseen\/","title":{"rendered":"KAIKKI mit\u00e4 sinun pit\u00e4\u00e4 tiet\u00e4\u00e4, kun aloitat kotiopetuksen"},"content":{"rendered":"<div style=\"display: block; width: 85%; margin: 20px auto 50px; text-align: center;\">\n<div style=\"display: inline-block; width: 45%; min-width: 290px; heigth: 100%; min-height: 421px; margin: 2vh 2%; vertical-align: top; border: 2px solid #555; padding: 2vh 2vw; background-color: #fafafa;\">\n<h2 style=\"text-align: center;\">Lataa <span style=\"color: #ff0000;\">ilmainen<\/span> oppaamme!<\/h2>\n<h3 style=\"text-align: center;\"><img loading=\"lazy\" decoding=\"async\" class=\"size-medium wp-image-601 aligncenter\" src=\"https:\/\/feeniks-koulu.fi\/wp_feeniks\/wp-content\/uploads\/2022\/05\/Feeniks-nettikoulu-Onnistu-kotiopetuksessa-6-selkeaa-askelta-kotiopetuksen-aloittamiseen-232x300.png\" alt=\"Opas kotiopetuksen aloittamiseen\" width=\"232\" height=\"300\" srcset=\"https:\/\/feeniks-koulu.fi\/wp_feeniks\/wp-content\/uploads\/2022\/05\/Feeniks-nettikoulu-Onnistu-kotiopetuksessa-6-selkeaa-askelta-kotiopetuksen-aloittamiseen-232x300.png 232w, https:\/\/feeniks-koulu.fi\/wp_feeniks\/wp-content\/uploads\/2022\/05\/Feeniks-nettikoulu-Onnistu-kotiopetuksessa-6-selkeaa-askelta-kotiopetuksen-aloittamiseen-791x1024.png 791w, https:\/\/feeniks-koulu.fi\/wp_feeniks\/wp-content\/uploads\/2022\/05\/Feeniks-nettikoulu-Onnistu-kotiopetuksessa-6-selkeaa-askelta-kotiopetuksen-aloittamiseen-768x994.png 768w, https:\/\/feeniks-koulu.fi\/wp_feeniks\/wp-content\/uploads\/2022\/05\/Feeniks-nettikoulu-Onnistu-kotiopetuksessa-6-selkeaa-askelta-kotiopetuksen-aloittamiseen-1187x1536.png 1187w, https:\/\/feeniks-koulu.fi\/wp_feeniks\/wp-content\/uploads\/2022\/05\/Feeniks-nettikoulu-Onnistu-kotiopetuksessa-6-selkeaa-askelta-kotiopetuksen-aloittamiseen-1320x1709.png 1320w, https:\/\/feeniks-koulu.fi\/wp_feeniks\/wp-content\/uploads\/2022\/05\/Feeniks-nettikoulu-Onnistu-kotiopetuksessa-6-selkeaa-askelta-kotiopetuksen-aloittamiseen.png 1545w\" sizes=\"auto, (max-width: 232px) 100vw, 232px\" \/><\/h3>\n<\/div>\n<div style=\"display: inline-block; width: 45%; min-width: 290px; heigth: 100%; min-height: 421px; margin: 2vh 2%; vertical-align: top; border: 2px solid #555; padding: 2vh 2vw; background-color: #fafafa;\">\n<h3 style=\"text-align: center;\">Oppaan avulla saat selville:<\/h3>\n<ul style=\"text-align: center;\">\n<li style=\"text-align: left;\">mik\u00e4 on ensimm\u00e4inen ja kaikista t\u00e4rkein askel kotiopetukseen siirtymisess\u00e4<\/li>\n<li style=\"text-align: left;\"><i class=\"fa fa-fw fa-check\" contenteditable=\"false\"><\/i>\u200bmit\u00e4 oikeuksia ja velvollisuuksia sinulla on lapsesi siirtyess\u00e4 kotiopetukseen (n\u00e4m\u00e4 pit\u00e4\u00e4 tiet\u00e4\u00e4)<b>\u00a0<\/b><\/li>\n<li style=\"text-align: left;\"><i class=\"fa fa-fw fa-check\" contenteditable=\"false\"><\/i>\u200bmillaisia vaihtoehtoja sinulla on kotiopetuksen toteuttamiseen (niit\u00e4 on enemm\u00e4n kuin uskoisi)<\/li>\n<li style=\"text-align: left;\"><i class=\"fa fa-fw fa-check\" contenteditable=\"false\"><\/i>\u200bmist\u00e4 saat tukea ja apua kotiopetukseen liittyviss\u00e4 kysymyksiss\u00e4<\/li>\n<li style=\"text-align: left;\"><i class=\"fa fa-fw fa-check\" contenteditable=\"false\"><\/i>\u200bsaat 6 selke\u00e4\u00e4 askelta + 2 teht\u00e4v\u00e4sivua, jotka auttavat sinua onnistumaan kotiopetuksen aloittamisessa!<\/li>\n<\/ul>\n<\/div>\n<div style=\"display: inline-block; width: 94.5%; min-width: 290px; heigth: 100%; margin: 2vh 2%; vertical-align: top; border: 2px solid #555; padding: 2vh 2vw; background-color: #fafafa;\">\n<p style=\"text-align: center;\"><b>L\u00e4het\u00e4mme oppaan s\u00e4hk\u00f6postiisi. Tilaamalla oppaan liityt samalla uutiskirjeemme Feeniks-postin tilaajaksi<br \/>(voit perua tilauksesi milloin tahansa).<\/b><\/p>\n<p style=\"text-align: center;\">  \n  \n  <div class=\"\n    mailpoet_form_popup_overlay\n      \"><\/div>\n  <div\n    id=\"mailpoet_form_2\"\n    class=\"\n      mailpoet_form\n      mailpoet_form_shortcode\n      mailpoet_form_position_\n      mailpoet_form_animation_\n    \"\n      >\n\n    <style type=\"text\/css\">\n     #mailpoet_form_2 .mailpoet_form {  }\n#mailpoet_form_2 .mailpoet_column_with_background { padding: 10px; }\n#mailpoet_form_2 .mailpoet_form_column:not(:first-child) { margin-left: 20px; }\n#mailpoet_form_2 .mailpoet_paragraph { line-height: 20px; margin-bottom: 20px; }\n#mailpoet_form_2 .mailpoet_segment_label, #mailpoet_form_2 .mailpoet_text_label, #mailpoet_form_2 .mailpoet_textarea_label, #mailpoet_form_2 .mailpoet_select_label, #mailpoet_form_2 .mailpoet_radio_label, #mailpoet_form_2 .mailpoet_checkbox_label, #mailpoet_form_2 .mailpoet_list_label, #mailpoet_form_2 .mailpoet_date_label { display: block; font-weight: normal; }\n#mailpoet_form_2 .mailpoet_text, #mailpoet_form_2 .mailpoet_textarea, #mailpoet_form_2 .mailpoet_select, #mailpoet_form_2 .mailpoet_date_month, #mailpoet_form_2 .mailpoet_date_day, #mailpoet_form_2 .mailpoet_date_year, #mailpoet_form_2 .mailpoet_date { display: block; }\n#mailpoet_form_2 .mailpoet_text, #mailpoet_form_2 .mailpoet_textarea { width: 200px; }\n#mailpoet_form_2 .mailpoet_checkbox {  }\n#mailpoet_form_2 .mailpoet_submit {  }\n#mailpoet_form_2 .mailpoet_divider {  }\n#mailpoet_form_2 .mailpoet_message {  }\n#mailpoet_form_2 .mailpoet_form_loading { width: 30px; text-align: center; line-height: normal; }\n#mailpoet_form_2 .mailpoet_form_loading > span { width: 5px; height: 5px; background-color: #5b5b5b; }#mailpoet_form_2{border: 0px solid #fcb900;border-radius: 0px;color: #000000;text-align: left;}#mailpoet_form_2 form.mailpoet_form {padding: 20px;}#mailpoet_form_2{width: 60%;}#mailpoet_form_2 .mailpoet_message {margin: 0; padding: 0 20px;}\n        #mailpoet_form_2 .mailpoet_validate_success {color: #fcb900}\n        #mailpoet_form_2 input.parsley-success {color: #fcb900}\n        #mailpoet_form_2 select.parsley-success {color: #fcb900}\n        #mailpoet_form_2 textarea.parsley-success {color: #fcb900}\n      #mailpoet_form_2 .mailpoet_paragraph.last {margin-bottom: 0} @media (max-width: 500px) {#mailpoet_form_2 {background-image: none;}} @media (min-width: 500px) {#mailpoet_form_2 .last .mailpoet_paragraph:last-child {margin-bottom: 0}}  @media (max-width: 500px) {#mailpoet_form_2 .mailpoet_form_column:last-child .mailpoet_paragraph:last-child {margin-bottom: 0}} \n    <\/style>\n\n    <form\n      target=\"_self\"\n      method=\"post\"\n      action=\"https:\/\/feeniks-koulu.fi\/wp_feeniks\/wp-admin\/admin-post.php?action=mailpoet_subscription_form\"\n      class=\"mailpoet_form mailpoet_form_form mailpoet_form_shortcode\"\n      novalidate\n      data-delay=\"\"\n      data-exit-intent-enabled=\"\"\n      data-font-family=\"\"\n      data-cookie-expiration-time=\"\"\n    >\n      <input type=\"hidden\" name=\"data[form_id]\" value=\"2\" \/>\n      <input type=\"hidden\" name=\"token\" value=\"436294a325\" \/>\n      <input type=\"hidden\" name=\"api_version\" value=\"v1\" \/>\n      <input type=\"hidden\" name=\"endpoint\" value=\"subscribers\" \/>\n      <input type=\"hidden\" name=\"mailpoet_method\" value=\"subscribe\" \/>\n\n      <label class=\"mailpoet_hp_email_label\" style=\"display: none !important;\">Please leave this field empty<input type=\"email\" name=\"data[email]\"\/><\/label><div class=\"mailpoet_paragraph \"><input type=\"text\" autocomplete=\"given-name\" class=\"mailpoet_text\" id=\"form_first_name_2\" name=\"data[form_field_ODdlOTViMjQzMTAyX2ZpcnN0X25hbWU=]\" title=\"Etunimi\" value=\"\" style=\"width:100%;box-sizing:border-box;padding:5px;margin: 0 auto 0 0;font-family:&#039;Barlow&#039;;\" data-automation-id=\"form_first_name\"  placeholder=\"Etunimi *\" aria-label=\"Etunimi *\" data-parsley-errors-container=\".mailpoet_error_15822\" data-parsley-names='[&quot;Please specify a valid name.&quot;,&quot;Addresses in names are not permitted, please add your name instead.&quot;]' data-parsley-required=\"true\" required aria-required=\"true\" data-parsley-required-message=\"This field is required.\"\/><span class=\"mailpoet_error_15822\"><\/span><\/div>\n<div class=\"mailpoet_paragraph \"><input type=\"email\" autocomplete=\"email\" class=\"mailpoet_text\" id=\"form_email_2\" name=\"data[form_field_OWYzNWM5ODc5MzQ5X2VtYWls]\" title=\"S\u00e4hk\u00f6postiosoite\" value=\"\" style=\"width:100%;box-sizing:border-box;padding:5px;margin: 0 auto 0 0;font-family:&#039;Barlow&#039;;\" data-automation-id=\"form_email\"  placeholder=\"S\u00e4hk\u00f6postiosoite *\" aria-label=\"S\u00e4hk\u00f6postiosoite *\" data-parsley-errors-container=\".mailpoet_error_1djdc\" data-parsley-required=\"true\" required aria-required=\"true\" data-parsley-minlength=\"6\" data-parsley-maxlength=\"150\" data-parsley-type-message=\"This value should be a valid email.\" data-parsley-required-message=\"This field is required.\"\/><span class=\"mailpoet_error_1djdc\"><\/span><\/div>\n<div class=\"mailpoet_paragraph \"><fieldset><legend class=\"mailpoet_segment_label\" >Valitse seuraavista:<\/legend><label class=\"mailpoet_checkbox_label\" for=\"mailpoet_segment_1\" ><input type=\"checkbox\" class=\"mailpoet_checkbox\" id=\"mailpoet_segment_1\" name=\"data[form_field_MjRmZTJiMmEzMjhkX3NlZ21lbnRz][]\" value=\"3\"  data-parsley-errors-container=\".mailpoet_error_w7do4\" data-parsley-required=\"true\" required aria-required=\"true\" data-parsley-group=\"segments\" data-parsley-required-message=\"Please select a list.\" \/> Lapseni ei ole opiskellut Feeniks-nettikoulussa.<\/label><label class=\"mailpoet_checkbox_label\" for=\"mailpoet_segment_2\" ><input type=\"checkbox\" class=\"mailpoet_checkbox\" id=\"mailpoet_segment_2\" name=\"data[form_field_MjRmZTJiMmEzMjhkX3NlZ21lbnRz][]\" value=\"4\"  data-parsley-errors-container=\".mailpoet_error_w7do4\" data-parsley-required=\"true\" required aria-required=\"true\" data-parsley-group=\"segments\" data-parsley-required-message=\"Please select a list.\" \/> Lapseni opiskelee tai on opiskellut Feeniks-nettikoulussa.<\/label><label class=\"mailpoet_checkbox_label\" for=\"mailpoet_segment_3\" ><input type=\"checkbox\" class=\"mailpoet_checkbox\" id=\"mailpoet_segment_3\" name=\"data[form_field_MjRmZTJiMmEzMjhkX3NlZ21lbnRz][]\" value=\"5\"  data-parsley-errors-container=\".mailpoet_error_w7do4\" data-parsley-required=\"true\" required aria-required=\"true\" data-parsley-group=\"segments\" data-parsley-required-message=\"Please select a list.\" \/> Olen l\u00e4hett\u00e4nyt ilmoittautumisen, mutta lapseni ei ole viel\u00e4 aloittanut nettikoulussa.<\/label><span class=\"mailpoet_error_w7do4\"><\/span><\/fieldset><\/div>\n<div class=\"mailpoet_paragraph \"><fieldset><legend class=\"mailpoet_checkbox_label\" >Suostumus tietojen k\u00e4sittelyyn&nbsp;<span class=\"mailpoet_required\" aria-hidden=\"true\">*<\/span><\/legend><input type=\"hidden\" value=\"1\"  name=\"data[cf_1]\" \/><label class=\"mailpoet_checkbox_label\" for=\"mailpoet_checkbox_4\" ><input type=\"checkbox\" class=\"mailpoet_checkbox\" id=\"mailpoet_checkbox_4\" name=\"data[cf_1]\" value=\"1\" data-parsley-errors-container=\".mailpoet_error_1ywcl\" data-parsley-required=\"true\" required aria-required=\"true\" data-parsley-required-message=\"This field is required.\" data-parsley-group=\"custom_field_1\" \/> Olen lukenut <a href=\"https:\/\/feeniks-koulu.fi\/wp_feeniks\/rekisteriselostejatietosuoja\/\">Rekisteriselosteen ja tietosuojan<\/a>, ja hyv\u00e4ksyn tietojeni k\u00e4sittelyn niiss\u00e4 kuvatulla tavalla. Lataamalla oppaan liityn samalla Feeniks-postin tilaajaksi: voin peruuttaa tilaukseni milloin tahansa.<\/label><\/fieldset><span class=\"mailpoet_error_1ywcl\"><\/span><\/div>\n<div class=\"mailpoet_paragraph \"><input type=\"submit\" class=\"mailpoet_submit\" value=\"Kyll\u00e4, haluan oppaan!\" data-automation-id=\"subscribe-submit-button\" style=\"width:100%;box-sizing:border-box;background-color:#fcb900;border-style:solid;border-radius:0px !important;border-width:1px;border-color:#313131;padding:5px;margin: 0 auto 0 0;font-family:&#039;Barlow&#039;;font-size:20px;line-height:1.5;height:auto;color:#313131;font-weight:bold;\" \/><span class=\"mailpoet_form_loading\"><span class=\"mailpoet_bounce1\"><\/span><span class=\"mailpoet_bounce2\"><\/span><span class=\"mailpoet_bounce3\"><\/span><\/span><\/div>\n\n      <div class=\"mailpoet_message\">\n        <p class=\"mailpoet_validate_success\"\n                style=\"display:none;\"\n                >Kiitos! Vahvista viel\u00e4 tilauksesi klikkaamalla s\u00e4hk\u00f6postistasi l\u00f6ytyv\u00e4\u00e4 vahvistuslinkki\u00e4! L\u00e4het\u00e4mme sen j\u00e4lkeen sinulle linkin oppaaseen. Mik\u00e4li et ole saanut meilt\u00e4 viesti\u00e4, tarkistathan roskapostikansion. \n\nOivaltavia lukuhetki\u00e4! \nTerveisin Feeniks-nettikoulun tiimi\n        <\/p>\n        <p class=\"mailpoet_validate_error\"\n                style=\"display:none;\"\n                >        <\/p>\n      <\/div>\n    <\/form>\n\n      <\/div>\n\n  <\/p>\n<\/div>\n","protected":false},"excerpt":{"rendered":"<p>Lataa ilmainen oppaamme! Oppaan avulla saat selville: mik\u00e4 on ensimm\u00e4inen ja kaikista t\u00e4rkein askel kotiopetukseen siirtymisess\u00e4 \u200bmit\u00e4 oikeuksia ja velvollisuuksia sinulla on lapsesi siirtyess\u00e4 kotiopetukseen (n\u00e4m\u00e4 pit\u00e4\u00e4 tiet\u00e4\u00e4)\u00a0 \u200bmillaisia vaihtoehtoja sinulla on kotiopetuksen toteuttamiseen (niit\u00e4 on enemm\u00e4n kuin uskoisi) \u200bmist\u00e4 saat tukea ja apua kotiopetukseen liittyviss\u00e4 kysymyksiss\u00e4 \u200bsaat 6 selke\u00e4\u00e4 askelta + 2 teht\u00e4v\u00e4sivua, jotka [&hellip;]<\/p>\n","protected":false},"author":1,"featured_media":0,"parent":0,"menu_order":0,"comment_status":"closed","ping_status":"closed","template":"page-templates\/page-full-width.php","meta":{"_monsterinsights_skip_tracking":false,"_monsterinsights_sitenote_active":false,"_monsterinsights_sitenote_note":"","_monsterinsights_sitenote_category":0,"footnotes":""},"class_list":["post-600","page","type-page","status-publish","hentry"],"yoast_head":"<!-- This site is optimized with the Yoast SEO plugin v27.3 - https:\/\/yoast.com\/product\/yoast-seo-wordpress\/ -->\n<title>KAIKKI mit\u00e4 sinun pit\u00e4\u00e4 tiet\u00e4\u00e4, kun aloitat kotiopetuksen - Feeniks-nettikoulu<\/title>\n<meta name=\"description\" content=\"Lataa ilmainen opas kotiopetuksen aloittamiseen! Kaikki, mit\u00e4 sinun tarvitsee tiet\u00e4\u00e4, kun siirryt kotiopetukseen.\" \/>\n<meta name=\"robots\" content=\"index, follow, max-snippet:-1, max-image-preview:large, max-video-preview:-1\" \/>\n<link rel=\"canonical\" href=\"https:\/\/feeniks-koulu.fi\/wp_feeniks\/lataa-opas-kotiopetuksen-aloittamiseen\/\" \/>\n<meta property=\"og:locale\" content=\"fi_FI\" \/>\n<meta property=\"og:type\" content=\"article\" \/>\n<meta property=\"og:title\" content=\"KAIKKI mit\u00e4 sinun pit\u00e4\u00e4 tiet\u00e4\u00e4, kun aloitat kotiopetuksen - Feeniks-nettikoulu\" \/>\n<meta property=\"og:description\" content=\"Lataa ilmainen opas kotiopetuksen aloittamiseen! Kaikki, mit\u00e4 sinun tarvitsee tiet\u00e4\u00e4, kun siirryt kotiopetukseen.\" \/>\n<meta property=\"og:url\" content=\"https:\/\/feeniks-koulu.fi\/wp_feeniks\/lataa-opas-kotiopetuksen-aloittamiseen\/\" \/>\n<meta property=\"og:site_name\" content=\"Feeniks-nettikoulu\" \/>\n<meta property=\"article:modified_time\" content=\"2022-05-06T17:35:14+00:00\" \/>\n<meta property=\"og:image\" content=\"https:\/\/feeniks-koulu.fi\/wp_feeniks\/wp-content\/uploads\/2022\/05\/Feeniks-nettikoulu-Onnistu-kotiopetuksessa-6-selkeaa-askelta-kotiopetuksen-aloittamiseen-232x300.png\" \/>\n<meta name=\"twitter:card\" content=\"summary_large_image\" \/>\n<meta name=\"twitter:label1\" content=\"Arvioitu lukuaika\" \/>\n\t<meta name=\"twitter:data1\" content=\"1 minuutti\" \/>\n<script type=\"application\/ld+json\" class=\"yoast-schema-graph\">{\"@context\":\"https:\\\/\\\/schema.org\",\"@graph\":[{\"@type\":\"WebPage\",\"@id\":\"https:\\\/\\\/feeniks-koulu.fi\\\/wp_feeniks\\\/lataa-opas-kotiopetuksen-aloittamiseen\\\/\",\"url\":\"https:\\\/\\\/feeniks-koulu.fi\\\/wp_feeniks\\\/lataa-opas-kotiopetuksen-aloittamiseen\\\/\",\"name\":\"KAIKKI mit\u00e4 sinun pit\u00e4\u00e4 tiet\u00e4\u00e4, kun aloitat kotiopetuksen - Feeniks-nettikoulu\",\"isPartOf\":{\"@id\":\"https:\\\/\\\/feeniks-koulu.fi\\\/wp_feeniks\\\/#website\"},\"primaryImageOfPage\":{\"@id\":\"https:\\\/\\\/feeniks-koulu.fi\\\/wp_feeniks\\\/lataa-opas-kotiopetuksen-aloittamiseen\\\/#primaryimage\"},\"image\":{\"@id\":\"https:\\\/\\\/feeniks-koulu.fi\\\/wp_feeniks\\\/lataa-opas-kotiopetuksen-aloittamiseen\\\/#primaryimage\"},\"thumbnailUrl\":\"https:\\\/\\\/feeniks-koulu.fi\\\/wp_feeniks\\\/wp-content\\\/uploads\\\/2022\\\/05\\\/Feeniks-nettikoulu-Onnistu-kotiopetuksessa-6-selkeaa-askelta-kotiopetuksen-aloittamiseen-232x300.png\",\"datePublished\":\"2022-05-06T15:32:37+00:00\",\"dateModified\":\"2022-05-06T17:35:14+00:00\",\"description\":\"Lataa ilmainen opas kotiopetuksen aloittamiseen! Kaikki, mit\u00e4 sinun tarvitsee tiet\u00e4\u00e4, kun siirryt kotiopetukseen.\",\"breadcrumb\":{\"@id\":\"https:\\\/\\\/feeniks-koulu.fi\\\/wp_feeniks\\\/lataa-opas-kotiopetuksen-aloittamiseen\\\/#breadcrumb\"},\"inLanguage\":\"fi\",\"potentialAction\":[{\"@type\":\"ReadAction\",\"target\":[\"https:\\\/\\\/feeniks-koulu.fi\\\/wp_feeniks\\\/lataa-opas-kotiopetuksen-aloittamiseen\\\/\"]}]},{\"@type\":\"ImageObject\",\"inLanguage\":\"fi\",\"@id\":\"https:\\\/\\\/feeniks-koulu.fi\\\/wp_feeniks\\\/lataa-opas-kotiopetuksen-aloittamiseen\\\/#primaryimage\",\"url\":\"https:\\\/\\\/feeniks-koulu.fi\\\/wp_feeniks\\\/wp-content\\\/uploads\\\/2022\\\/05\\\/Feeniks-nettikoulu-Onnistu-kotiopetuksessa-6-selkeaa-askelta-kotiopetuksen-aloittamiseen.png\",\"contentUrl\":\"https:\\\/\\\/feeniks-koulu.fi\\\/wp_feeniks\\\/wp-content\\\/uploads\\\/2022\\\/05\\\/Feeniks-nettikoulu-Onnistu-kotiopetuksessa-6-selkeaa-askelta-kotiopetuksen-aloittamiseen.png\",\"width\":1545,\"height\":2000,\"caption\":\"Opas kotiopetuksen aloittamiseen\"},{\"@type\":\"BreadcrumbList\",\"@id\":\"https:\\\/\\\/feeniks-koulu.fi\\\/wp_feeniks\\\/lataa-opas-kotiopetuksen-aloittamiseen\\\/#breadcrumb\",\"itemListElement\":[{\"@type\":\"ListItem\",\"position\":1,\"name\":\"Etusivu\",\"item\":\"https:\\\/\\\/feeniks-koulu.fi\\\/wp_feeniks\\\/\"},{\"@type\":\"ListItem\",\"position\":2,\"name\":\"KAIKKI mit\u00e4 sinun pit\u00e4\u00e4 tiet\u00e4\u00e4, kun aloitat kotiopetuksen\"}]},{\"@type\":\"WebSite\",\"@id\":\"https:\\\/\\\/feeniks-koulu.fi\\\/wp_feeniks\\\/#website\",\"url\":\"https:\\\/\\\/feeniks-koulu.fi\\\/wp_feeniks\\\/\",\"name\":\"Feeniks-nettikoulu\",\"description\":\"\",\"publisher\":{\"@id\":\"https:\\\/\\\/feeniks-koulu.fi\\\/wp_feeniks\\\/#organization\"},\"potentialAction\":[{\"@type\":\"SearchAction\",\"target\":{\"@type\":\"EntryPoint\",\"urlTemplate\":\"https:\\\/\\\/feeniks-koulu.fi\\\/wp_feeniks\\\/?s={search_term_string}\"},\"query-input\":{\"@type\":\"PropertyValueSpecification\",\"valueRequired\":true,\"valueName\":\"search_term_string\"}}],\"inLanguage\":\"fi\"},{\"@type\":\"Organization\",\"@id\":\"https:\\\/\\\/feeniks-koulu.fi\\\/wp_feeniks\\\/#organization\",\"name\":\"Feeniks-nettikoulu\",\"url\":\"https:\\\/\\\/feeniks-koulu.fi\\\/wp_feeniks\\\/\",\"logo\":{\"@type\":\"ImageObject\",\"inLanguage\":\"fi\",\"@id\":\"https:\\\/\\\/feeniks-koulu.fi\\\/wp_feeniks\\\/#\\\/schema\\\/logo\\\/image\\\/\",\"url\":\"https:\\\/\\\/feeniks-koulu.fi\\\/wp_feeniks\\\/wp-content\\\/uploads\\\/2016\\\/08\\\/oranssi_pieni.png\",\"contentUrl\":\"https:\\\/\\\/feeniks-koulu.fi\\\/wp_feeniks\\\/wp-content\\\/uploads\\\/2016\\\/08\\\/oranssi_pieni.png\",\"width\":600,\"height\":187,\"caption\":\"Feeniks-nettikoulu\"},\"image\":{\"@id\":\"https:\\\/\\\/feeniks-koulu.fi\\\/wp_feeniks\\\/#\\\/schema\\\/logo\\\/image\\\/\"}}]}<\/script>\n<!-- \/ Yoast SEO plugin. -->","yoast_head_json":{"title":"KAIKKI mit\u00e4 sinun pit\u00e4\u00e4 tiet\u00e4\u00e4, kun aloitat kotiopetuksen - Feeniks-nettikoulu","description":"Lataa ilmainen opas kotiopetuksen aloittamiseen! Kaikki, mit\u00e4 sinun tarvitsee tiet\u00e4\u00e4, kun siirryt kotiopetukseen.","robots":{"index":"index","follow":"follow","max-snippet":"max-snippet:-1","max-image-preview":"max-image-preview:large","max-video-preview":"max-video-preview:-1"},"canonical":"https:\/\/feeniks-koulu.fi\/wp_feeniks\/lataa-opas-kotiopetuksen-aloittamiseen\/","og_locale":"fi_FI","og_type":"article","og_title":"KAIKKI mit\u00e4 sinun pit\u00e4\u00e4 tiet\u00e4\u00e4, kun aloitat kotiopetuksen - Feeniks-nettikoulu","og_description":"Lataa ilmainen opas kotiopetuksen aloittamiseen! Kaikki, mit\u00e4 sinun tarvitsee tiet\u00e4\u00e4, kun siirryt kotiopetukseen.","og_url":"https:\/\/feeniks-koulu.fi\/wp_feeniks\/lataa-opas-kotiopetuksen-aloittamiseen\/","og_site_name":"Feeniks-nettikoulu","article_modified_time":"2022-05-06T17:35:14+00:00","og_image":[{"url":"https:\/\/feeniks-koulu.fi\/wp_feeniks\/wp-content\/uploads\/2022\/05\/Feeniks-nettikoulu-Onnistu-kotiopetuksessa-6-selkeaa-askelta-kotiopetuksen-aloittamiseen-232x300.png","type":"","width":"","height":""}],"twitter_card":"summary_large_image","twitter_misc":{"Arvioitu lukuaika":"1 minuutti"},"schema":{"@context":"https:\/\/schema.org","@graph":[{"@type":"WebPage","@id":"https:\/\/feeniks-koulu.fi\/wp_feeniks\/lataa-opas-kotiopetuksen-aloittamiseen\/","url":"https:\/\/feeniks-koulu.fi\/wp_feeniks\/lataa-opas-kotiopetuksen-aloittamiseen\/","name":"KAIKKI mit\u00e4 sinun pit\u00e4\u00e4 tiet\u00e4\u00e4, kun aloitat kotiopetuksen - Feeniks-nettikoulu","isPartOf":{"@id":"https:\/\/feeniks-koulu.fi\/wp_feeniks\/#website"},"primaryImageOfPage":{"@id":"https:\/\/feeniks-koulu.fi\/wp_feeniks\/lataa-opas-kotiopetuksen-aloittamiseen\/#primaryimage"},"image":{"@id":"https:\/\/feeniks-koulu.fi\/wp_feeniks\/lataa-opas-kotiopetuksen-aloittamiseen\/#primaryimage"},"thumbnailUrl":"https:\/\/feeniks-koulu.fi\/wp_feeniks\/wp-content\/uploads\/2022\/05\/Feeniks-nettikoulu-Onnistu-kotiopetuksessa-6-selkeaa-askelta-kotiopetuksen-aloittamiseen-232x300.png","datePublished":"2022-05-06T15:32:37+00:00","dateModified":"2022-05-06T17:35:14+00:00","description":"Lataa ilmainen opas kotiopetuksen aloittamiseen! Kaikki, mit\u00e4 sinun tarvitsee tiet\u00e4\u00e4, kun siirryt kotiopetukseen.","breadcrumb":{"@id":"https:\/\/feeniks-koulu.fi\/wp_feeniks\/lataa-opas-kotiopetuksen-aloittamiseen\/#breadcrumb"},"inLanguage":"fi","potentialAction":[{"@type":"ReadAction","target":["https:\/\/feeniks-koulu.fi\/wp_feeniks\/lataa-opas-kotiopetuksen-aloittamiseen\/"]}]},{"@type":"ImageObject","inLanguage":"fi","@id":"https:\/\/feeniks-koulu.fi\/wp_feeniks\/lataa-opas-kotiopetuksen-aloittamiseen\/#primaryimage","url":"https:\/\/feeniks-koulu.fi\/wp_feeniks\/wp-content\/uploads\/2022\/05\/Feeniks-nettikoulu-Onnistu-kotiopetuksessa-6-selkeaa-askelta-kotiopetuksen-aloittamiseen.png","contentUrl":"https:\/\/feeniks-koulu.fi\/wp_feeniks\/wp-content\/uploads\/2022\/05\/Feeniks-nettikoulu-Onnistu-kotiopetuksessa-6-selkeaa-askelta-kotiopetuksen-aloittamiseen.png","width":1545,"height":2000,"caption":"Opas kotiopetuksen aloittamiseen"},{"@type":"BreadcrumbList","@id":"https:\/\/feeniks-koulu.fi\/wp_feeniks\/lataa-opas-kotiopetuksen-aloittamiseen\/#breadcrumb","itemListElement":[{"@type":"ListItem","position":1,"name":"Etusivu","item":"https:\/\/feeniks-koulu.fi\/wp_feeniks\/"},{"@type":"ListItem","position":2,"name":"KAIKKI mit\u00e4 sinun pit\u00e4\u00e4 tiet\u00e4\u00e4, kun aloitat kotiopetuksen"}]},{"@type":"WebSite","@id":"https:\/\/feeniks-koulu.fi\/wp_feeniks\/#website","url":"https:\/\/feeniks-koulu.fi\/wp_feeniks\/","name":"Feeniks-nettikoulu","description":"","publisher":{"@id":"https:\/\/feeniks-koulu.fi\/wp_feeniks\/#organization"},"potentialAction":[{"@type":"SearchAction","target":{"@type":"EntryPoint","urlTemplate":"https:\/\/feeniks-koulu.fi\/wp_feeniks\/?s={search_term_string}"},"query-input":{"@type":"PropertyValueSpecification","valueRequired":true,"valueName":"search_term_string"}}],"inLanguage":"fi"},{"@type":"Organization","@id":"https:\/\/feeniks-koulu.fi\/wp_feeniks\/#organization","name":"Feeniks-nettikoulu","url":"https:\/\/feeniks-koulu.fi\/wp_feeniks\/","logo":{"@type":"ImageObject","inLanguage":"fi","@id":"https:\/\/feeniks-koulu.fi\/wp_feeniks\/#\/schema\/logo\/image\/","url":"https:\/\/feeniks-koulu.fi\/wp_feeniks\/wp-content\/uploads\/2016\/08\/oranssi_pieni.png","contentUrl":"https:\/\/feeniks-koulu.fi\/wp_feeniks\/wp-content\/uploads\/2016\/08\/oranssi_pieni.png","width":600,"height":187,"caption":"Feeniks-nettikoulu"},"image":{"@id":"https:\/\/feeniks-koulu.fi\/wp_feeniks\/#\/schema\/logo\/image\/"}}]}},"_links":{"self":[{"href":"https:\/\/feeniks-koulu.fi\/wp_feeniks\/wp-json\/wp\/v2\/pages\/600","targetHints":{"allow":["GET"]}}],"collection":[{"href":"https:\/\/feeniks-koulu.fi\/wp_feeniks\/wp-json\/wp\/v2\/pages"}],"about":[{"href":"https:\/\/feeniks-koulu.fi\/wp_feeniks\/wp-json\/wp\/v2\/types\/page"}],"author":[{"embeddable":true,"href":"https:\/\/feeniks-koulu.fi\/wp_feeniks\/wp-json\/wp\/v2\/users\/1"}],"replies":[{"embeddable":true,"href":"https:\/\/feeniks-koulu.fi\/wp_feeniks\/wp-json\/wp\/v2\/comments?post=600"}],"version-history":[{"count":23,"href":"https:\/\/feeniks-koulu.fi\/wp_feeniks\/wp-json\/wp\/v2\/pages\/600\/revisions"}],"predecessor-version":[{"id":713,"href":"https:\/\/feeniks-koulu.fi\/wp_feeniks\/wp-json\/wp\/v2\/pages\/600\/revisions\/713"}],"wp:attachment":[{"href":"https:\/\/feeniks-koulu.fi\/wp_feeniks\/wp-json\/wp\/v2\/media?parent=600"}],"curies":[{"name":"wp","href":"https:\/\/api.w.org\/{rel}","templated":true}]}}