{"id":5,"date":"2016-08-15T12:26:25","date_gmt":"2016-08-15T12:26:25","guid":{"rendered":"https:\/\/feeniks-koulu.fi\/wp_feeniks\/?page_id=5"},"modified":"2026-03-02T01:29:11","modified_gmt":"2026-03-01T23:29:11","slug":"feeniks-nettikoulu","status":"publish","type":"page","link":"https:\/\/feeniks-koulu.fi\/wp_feeniks\/feeniks-nettikoulu\/","title":{"rendered":"Feeniks-nettikoulu"},"content":{"rendered":"<p><strong>Feeniks-nettikoulu on Suomen ensimm\u00e4inen oppivelvollisille suunnattu nettipohjainen peruskoulu.<\/strong><\/p>\n<p align=\"left\">Feeniks-nettikoulussa opiskelu on luokkiin sitomatonta ja opintokokonaisuudet on mahdollista r\u00e4\u00e4t\u00e4l\u00f6id\u00e4 oppilasl\u00e4ht\u00f6isesti jokaisen oppijan tarpeisiin ja tavoitteisiin sopiviksi. Opinnot Feeniks-nettikoulussa voi aloittaa koska tahansa.<\/p>\n<p align=\"left\">Feeniks-nettikoululla ei t\u00e4ll\u00e4 hetkell\u00e4 ole todistuksen kirjoitusoikeutta, joten p\u00e4\u00e4osin oppilaamme ovat ns. kotioppijoita, eli eiv\u00e4t ole kirjoilla miss\u00e4\u00e4n valtion tai kunnan oppilaitoksessa. Jos oppilas on koulun kirjoilla ja opiskelee esimerkiksi et\u00e4opetuksessa, suoritettavat aihekokonaisuudet voidaan suunnitella yhdess\u00e4 koulun kanssa.<\/p>\n<p align=\"left\"><img loading=\"lazy\" decoding=\"async\" class=\"size-full wp-image-139 alignright\" src=\"https:\/\/feeniks-koulu.fi\/wp_feeniks\/wp-content\/uploads\/2018\/02\/pexels-photo-259704_narrow.jpg\" alt=\"\" width=\"300\" height=\"536\" srcset=\"https:\/\/feeniks-koulu.fi\/wp_feeniks\/wp-content\/uploads\/2018\/02\/pexels-photo-259704_narrow.jpg 300w, https:\/\/feeniks-koulu.fi\/wp_feeniks\/wp-content\/uploads\/2018\/02\/pexels-photo-259704_narrow-168x300.jpg 168w\" sizes=\"auto, (max-width: 300px) 100vw, 300px\" \/>Kotioppijan kotikunnalla on velvollisuus seurata oppilaan edistymist\u00e4. Mik\u00e4li oppilas osoittaa suorituksensa hyv\u00e4ksytysti peruskoulun pakollisissa oppiaineissa, kotikunta my\u00f6nt\u00e4\u00e4 oppilaalle todistuksen koko oppivelvollisuuden oppim\u00e4\u00e4r\u00e4n suorittamisesta ja huoltajien pyynn\u00f6st\u00e4 peruskoulun p\u00e4\u00e4tt\u00f6todistusta vastaavan todistuksen, eli todistuksen erityiseen tutkintoon osallistumisesta. Peruskoulun p\u00e4\u00e4tt\u00f6todistusta vastaavaa todistusta varten oppilaan tulee osallistua ns. erityisiin tutkintoihin kustakin oppiaineesta. Kunta voi m\u00e4\u00e4ritell\u00e4 miten erityiset tutkinnot tulee suorittaa.<\/p>\n<p align=\"left\">Feeniks-nettikoulun opinnot voidaan my\u00f6s integroida kokonaan tai osittain oppivelvollisen opintoihin oman koulun kanssa. Erityisiss\u00e4 opetusj\u00e4rjestelyiss\u00e4 teemme yhteisty\u00f6ss\u00e4 oppilaan oman koulun kanssa oppilaan tarpeisiin vastaavat opintokokonaisuudet.<\/p>\n<p align=\"left\">Opiskelu Feeniks-nettikoulussa perustuu <a href=\"https:\/\/www.tiedonrakentajat.fi\" target=\"_blank\" rel=\"noopener noreferrer\">Tiedonrakentajat -opiskeluymp\u00e4rist\u00f6\u00f6n<\/a>, joka on suunniteltu erityisesti Feeniks-nettikoulua silm\u00e4ll\u00e4 pit\u00e4en ja pohjautuu valtakunnalliseen opetussuunnitelmaan. Tiedonrakentajat on oppilasl\u00e4ht\u00f6inen, aktiiviseen oppimiseen, sosiaalisuuteen, vertaisoppimiseen ja tiedonhakuun perustuva opiskeluj\u00e4rjestelm\u00e4, jonka avulla voi suorittaa koko peruskoulun alusta loppuun.<\/p>\n<p>Feeniks-nettikoulu tarjoaa opiskeluj\u00e4rjestelm\u00e4n lis\u00e4ksi tarvittaessa tutorointi- ja opetuspalveluja tukemaan oppilaiden opiskelua.<\/p>\n<p>Feeniks-nettikoulun toiminta rahoitetaan p\u00e4\u00e4osin Tiedonrakentajien k\u00e4ytt\u00f6lisenssimaksuilla. Hinnat muuttuivat 1.8.2025. Katso tarkemmat hinnat <a href=\"https:\/\/feeniks-koulu.fi\/wp_feeniks\/14-2\/\">Maksut-sivulta<\/a>.<\/p>\n<p align=\"left\">Mik\u00e4li haluat tutustua Feeniks-nettikouluun, ota yhteytt\u00e4 <a href=\"https:\/\/feeniks-koulu.fi\/wp_feeniks\/yhteystiedot\/\">Marko Koskiseen<\/a>. Parhaiten pysyt tilanteen tasalla liittym\u00e4ll\u00e4 koulun <a href=\"https:\/\/www.facebook.com\/groups\/114566038597034\/\" target=\"_blank\" rel=\"noopener noreferrer\">Facebook-ryhm\u00e4\u00e4n<\/a>.<\/p>\n<p align=\"left\">Feeniks-nettikoulu on riippumaton, uskonnollisesti ja poliittisesti sitoutumaton, voittoa tavoittelematon ja yksityisesti rahoitettu nettikoulu. Kannatusyhdistyksen\u00e4mme toimii\u00a0<a href=\"https:\/\/www.kehittyvakoulu.fi\" target=\"_blank\" rel=\"noopener noreferrer\">Kehittyv\u00e4 koulu -yhdistys ry<\/a>.<\/p>\n<p>Etsitk\u00f6 Turun Feeniks-koulua? Turun Feeniks-koulun sivut l\u00f6ytyv\u00e4t osoitteesta <a href=\"https:\/\/www.turunfeenikskoulu.fi\" target=\"_blank\" rel=\"noopener noreferrer\">www.turunfeenikskoulu.fi<\/a>.<\/p>\n<p><b>Tervetuloa tutustumaan!<\/b><\/p>\n<p>&nbsp;<\/p>\n","protected":false},"excerpt":{"rendered":"<p>Feeniks-nettikoulu on Suomen ensimm\u00e4inen oppivelvollisille suunnattu nettipohjainen peruskoulu. Feeniks-nettikoulussa opiskelu on luokkiin sitomatonta ja opintokokonaisuudet on mahdollista r\u00e4\u00e4t\u00e4l\u00f6id\u00e4 oppilasl\u00e4ht\u00f6isesti jokaisen oppijan tarpeisiin ja tavoitteisiin sopiviksi. Opinnot Feeniks-nettikoulussa voi aloittaa koska tahansa. Feeniks-nettikoululla ei t\u00e4ll\u00e4 hetkell\u00e4 ole todistuksen kirjoitusoikeutta, joten p\u00e4\u00e4osin oppilaamme ovat ns. kotioppijoita, eli eiv\u00e4t ole kirjoilla miss\u00e4\u00e4n valtion tai kunnan oppilaitoksessa. Jos oppilas [&hellip;]<\/p>\n","protected":false},"author":1,"featured_media":1185,"parent":0,"menu_order":0,"comment_status":"closed","ping_status":"closed","template":"","meta":{"_monsterinsights_skip_tracking":false,"_monsterinsights_sitenote_active":false,"_monsterinsights_sitenote_note":"","_monsterinsights_sitenote_category":0,"footnotes":""},"class_list":["post-5","page","type-page","status-publish","has-post-thumbnail","hentry"],"yoast_head":"<!-- This site is optimized with the Yoast SEO plugin v27.3 - https:\/\/yoast.com\/product\/yoast-seo-wordpress\/ -->\n<title>Feeniks-nettikoulu - Feeniks-nettikoulu<\/title>\n<meta name=\"description\" content=\"Feeniks-nettikoulussa opintokokonaisuudet on mahdollista r\u00e4\u00e4t\u00e4l\u00f6id\u00e4 oppilasl\u00e4ht\u00f6isesti. Opinnot voi aloittaa koska tahansa!\" \/>\n<meta name=\"robots\" content=\"index, follow, max-snippet:-1, max-image-preview:large, max-video-preview:-1\" \/>\n<link rel=\"canonical\" href=\"https:\/\/feeniks-koulu.fi\/wp_feeniks\/feeniks-nettikoulu\/\" \/>\n<meta property=\"og:locale\" content=\"fi_FI\" \/>\n<meta property=\"og:type\" content=\"article\" \/>\n<meta property=\"og:title\" content=\"Feeniks-nettikoulu - Feeniks-nettikoulu\" \/>\n<meta property=\"og:description\" content=\"Feeniks-nettikoulussa opintokokonaisuudet on mahdollista r\u00e4\u00e4t\u00e4l\u00f6id\u00e4 oppilasl\u00e4ht\u00f6isesti. Opinnot voi aloittaa koska tahansa!\" \/>\n<meta property=\"og:url\" content=\"https:\/\/feeniks-koulu.fi\/wp_feeniks\/feeniks-nettikoulu\/\" \/>\n<meta property=\"og:site_name\" content=\"Feeniks-nettikoulu\" \/>\n<meta property=\"article:modified_time\" content=\"2026-03-01T23:29:11+00:00\" \/>\n<meta property=\"og:image\" content=\"https:\/\/feeniks-koulu.fi\/wp_feeniks\/wp-content\/uploads\/2026\/01\/kotikoulu-opiskelu-poika.jpg\" \/>\n\t<meta property=\"og:image:width\" content=\"1493\" \/>\n\t<meta property=\"og:image:height\" content=\"1000\" \/>\n\t<meta property=\"og:image:type\" content=\"image\/jpeg\" \/>\n<meta name=\"twitter:card\" content=\"summary_large_image\" \/>\n<meta name=\"twitter:label1\" content=\"Arvioitu lukuaika\" \/>\n\t<meta name=\"twitter:data1\" content=\"2 minuuttia\" \/>\n<script type=\"application\/ld+json\" class=\"yoast-schema-graph\">{\"@context\":\"https:\\\/\\\/schema.org\",\"@graph\":[{\"@type\":\"WebPage\",\"@id\":\"https:\\\/\\\/feeniks-koulu.fi\\\/wp_feeniks\\\/feeniks-nettikoulu\\\/\",\"url\":\"https:\\\/\\\/feeniks-koulu.fi\\\/wp_feeniks\\\/feeniks-nettikoulu\\\/\",\"name\":\"Feeniks-nettikoulu - Feeniks-nettikoulu\",\"isPartOf\":{\"@id\":\"https:\\\/\\\/feeniks-koulu.fi\\\/wp_feeniks\\\/#website\"},\"primaryImageOfPage\":{\"@id\":\"https:\\\/\\\/feeniks-koulu.fi\\\/wp_feeniks\\\/feeniks-nettikoulu\\\/#primaryimage\"},\"image\":{\"@id\":\"https:\\\/\\\/feeniks-koulu.fi\\\/wp_feeniks\\\/feeniks-nettikoulu\\\/#primaryimage\"},\"thumbnailUrl\":\"https:\\\/\\\/feeniks-koulu.fi\\\/wp_feeniks\\\/wp-content\\\/uploads\\\/2026\\\/01\\\/kotikoulu-opiskelu-poika.jpg\",\"datePublished\":\"2016-08-15T12:26:25+00:00\",\"dateModified\":\"2026-03-01T23:29:11+00:00\",\"description\":\"Feeniks-nettikoulussa opintokokonaisuudet on mahdollista r\u00e4\u00e4t\u00e4l\u00f6id\u00e4 oppilasl\u00e4ht\u00f6isesti. Opinnot voi aloittaa koska tahansa!\",\"breadcrumb\":{\"@id\":\"https:\\\/\\\/feeniks-koulu.fi\\\/wp_feeniks\\\/feeniks-nettikoulu\\\/#breadcrumb\"},\"inLanguage\":\"fi\",\"potentialAction\":[{\"@type\":\"ReadAction\",\"target\":[\"https:\\\/\\\/feeniks-koulu.fi\\\/wp_feeniks\\\/feeniks-nettikoulu\\\/\"]}]},{\"@type\":\"ImageObject\",\"inLanguage\":\"fi\",\"@id\":\"https:\\\/\\\/feeniks-koulu.fi\\\/wp_feeniks\\\/feeniks-nettikoulu\\\/#primaryimage\",\"url\":\"https:\\\/\\\/feeniks-koulu.fi\\\/wp_feeniks\\\/wp-content\\\/uploads\\\/2026\\\/01\\\/kotikoulu-opiskelu-poika.jpg\",\"contentUrl\":\"https:\\\/\\\/feeniks-koulu.fi\\\/wp_feeniks\\\/wp-content\\\/uploads\\\/2026\\\/01\\\/kotikoulu-opiskelu-poika.jpg\",\"width\":1493,\"height\":1000,\"caption\":\"Kotikoulu opiskelu poika\"},{\"@type\":\"BreadcrumbList\",\"@id\":\"https:\\\/\\\/feeniks-koulu.fi\\\/wp_feeniks\\\/feeniks-nettikoulu\\\/#breadcrumb\",\"itemListElement\":[{\"@type\":\"ListItem\",\"position\":1,\"name\":\"Etusivu\",\"item\":\"https:\\\/\\\/feeniks-koulu.fi\\\/wp_feeniks\\\/\"},{\"@type\":\"ListItem\",\"position\":2,\"name\":\"Feeniks-nettikoulu\"}]},{\"@type\":\"WebSite\",\"@id\":\"https:\\\/\\\/feeniks-koulu.fi\\\/wp_feeniks\\\/#website\",\"url\":\"https:\\\/\\\/feeniks-koulu.fi\\\/wp_feeniks\\\/\",\"name\":\"Feeniks-nettikoulu\",\"description\":\"\",\"publisher\":{\"@id\":\"https:\\\/\\\/feeniks-koulu.fi\\\/wp_feeniks\\\/#organization\"},\"potentialAction\":[{\"@type\":\"SearchAction\",\"target\":{\"@type\":\"EntryPoint\",\"urlTemplate\":\"https:\\\/\\\/feeniks-koulu.fi\\\/wp_feeniks\\\/?s={search_term_string}\"},\"query-input\":{\"@type\":\"PropertyValueSpecification\",\"valueRequired\":true,\"valueName\":\"search_term_string\"}}],\"inLanguage\":\"fi\"},{\"@type\":\"Organization\",\"@id\":\"https:\\\/\\\/feeniks-koulu.fi\\\/wp_feeniks\\\/#organization\",\"name\":\"Feeniks-nettikoulu\",\"url\":\"https:\\\/\\\/feeniks-koulu.fi\\\/wp_feeniks\\\/\",\"logo\":{\"@type\":\"ImageObject\",\"inLanguage\":\"fi\",\"@id\":\"https:\\\/\\\/feeniks-koulu.fi\\\/wp_feeniks\\\/#\\\/schema\\\/logo\\\/image\\\/\",\"url\":\"https:\\\/\\\/feeniks-koulu.fi\\\/wp_feeniks\\\/wp-content\\\/uploads\\\/2016\\\/08\\\/oranssi_pieni.png\",\"contentUrl\":\"https:\\\/\\\/feeniks-koulu.fi\\\/wp_feeniks\\\/wp-content\\\/uploads\\\/2016\\\/08\\\/oranssi_pieni.png\",\"width\":600,\"height\":187,\"caption\":\"Feeniks-nettikoulu\"},\"image\":{\"@id\":\"https:\\\/\\\/feeniks-koulu.fi\\\/wp_feeniks\\\/#\\\/schema\\\/logo\\\/image\\\/\"}}]}<\/script>\n<!-- \/ Yoast SEO plugin. -->","yoast_head_json":{"title":"Feeniks-nettikoulu - Feeniks-nettikoulu","description":"Feeniks-nettikoulussa opintokokonaisuudet on mahdollista r\u00e4\u00e4t\u00e4l\u00f6id\u00e4 oppilasl\u00e4ht\u00f6isesti. Opinnot voi aloittaa koska tahansa!","robots":{"index":"index","follow":"follow","max-snippet":"max-snippet:-1","max-image-preview":"max-image-preview:large","max-video-preview":"max-video-preview:-1"},"canonical":"https:\/\/feeniks-koulu.fi\/wp_feeniks\/feeniks-nettikoulu\/","og_locale":"fi_FI","og_type":"article","og_title":"Feeniks-nettikoulu - Feeniks-nettikoulu","og_description":"Feeniks-nettikoulussa opintokokonaisuudet on mahdollista r\u00e4\u00e4t\u00e4l\u00f6id\u00e4 oppilasl\u00e4ht\u00f6isesti. Opinnot voi aloittaa koska tahansa!","og_url":"https:\/\/feeniks-koulu.fi\/wp_feeniks\/feeniks-nettikoulu\/","og_site_name":"Feeniks-nettikoulu","article_modified_time":"2026-03-01T23:29:11+00:00","og_image":[{"width":1493,"height":1000,"url":"https:\/\/feeniks-koulu.fi\/wp_feeniks\/wp-content\/uploads\/2026\/01\/kotikoulu-opiskelu-poika.jpg","type":"image\/jpeg"}],"twitter_card":"summary_large_image","twitter_misc":{"Arvioitu lukuaika":"2 minuuttia"},"schema":{"@context":"https:\/\/schema.org","@graph":[{"@type":"WebPage","@id":"https:\/\/feeniks-koulu.fi\/wp_feeniks\/feeniks-nettikoulu\/","url":"https:\/\/feeniks-koulu.fi\/wp_feeniks\/feeniks-nettikoulu\/","name":"Feeniks-nettikoulu - Feeniks-nettikoulu","isPartOf":{"@id":"https:\/\/feeniks-koulu.fi\/wp_feeniks\/#website"},"primaryImageOfPage":{"@id":"https:\/\/feeniks-koulu.fi\/wp_feeniks\/feeniks-nettikoulu\/#primaryimage"},"image":{"@id":"https:\/\/feeniks-koulu.fi\/wp_feeniks\/feeniks-nettikoulu\/#primaryimage"},"thumbnailUrl":"https:\/\/feeniks-koulu.fi\/wp_feeniks\/wp-content\/uploads\/2026\/01\/kotikoulu-opiskelu-poika.jpg","datePublished":"2016-08-15T12:26:25+00:00","dateModified":"2026-03-01T23:29:11+00:00","description":"Feeniks-nettikoulussa opintokokonaisuudet on mahdollista r\u00e4\u00e4t\u00e4l\u00f6id\u00e4 oppilasl\u00e4ht\u00f6isesti. Opinnot voi aloittaa koska tahansa!","breadcrumb":{"@id":"https:\/\/feeniks-koulu.fi\/wp_feeniks\/feeniks-nettikoulu\/#breadcrumb"},"inLanguage":"fi","potentialAction":[{"@type":"ReadAction","target":["https:\/\/feeniks-koulu.fi\/wp_feeniks\/feeniks-nettikoulu\/"]}]},{"@type":"ImageObject","inLanguage":"fi","@id":"https:\/\/feeniks-koulu.fi\/wp_feeniks\/feeniks-nettikoulu\/#primaryimage","url":"https:\/\/feeniks-koulu.fi\/wp_feeniks\/wp-content\/uploads\/2026\/01\/kotikoulu-opiskelu-poika.jpg","contentUrl":"https:\/\/feeniks-koulu.fi\/wp_feeniks\/wp-content\/uploads\/2026\/01\/kotikoulu-opiskelu-poika.jpg","width":1493,"height":1000,"caption":"Kotikoulu opiskelu poika"},{"@type":"BreadcrumbList","@id":"https:\/\/feeniks-koulu.fi\/wp_feeniks\/feeniks-nettikoulu\/#breadcrumb","itemListElement":[{"@type":"ListItem","position":1,"name":"Etusivu","item":"https:\/\/feeniks-koulu.fi\/wp_feeniks\/"},{"@type":"ListItem","position":2,"name":"Feeniks-nettikoulu"}]},{"@type":"WebSite","@id":"https:\/\/feeniks-koulu.fi\/wp_feeniks\/#website","url":"https:\/\/feeniks-koulu.fi\/wp_feeniks\/","name":"Feeniks-nettikoulu","description":"","publisher":{"@id":"https:\/\/feeniks-koulu.fi\/wp_feeniks\/#organization"},"potentialAction":[{"@type":"SearchAction","target":{"@type":"EntryPoint","urlTemplate":"https:\/\/feeniks-koulu.fi\/wp_feeniks\/?s={search_term_string}"},"query-input":{"@type":"PropertyValueSpecification","valueRequired":true,"valueName":"search_term_string"}}],"inLanguage":"fi"},{"@type":"Organization","@id":"https:\/\/feeniks-koulu.fi\/wp_feeniks\/#organization","name":"Feeniks-nettikoulu","url":"https:\/\/feeniks-koulu.fi\/wp_feeniks\/","logo":{"@type":"ImageObject","inLanguage":"fi","@id":"https:\/\/feeniks-koulu.fi\/wp_feeniks\/#\/schema\/logo\/image\/","url":"https:\/\/feeniks-koulu.fi\/wp_feeniks\/wp-content\/uploads\/2016\/08\/oranssi_pieni.png","contentUrl":"https:\/\/feeniks-koulu.fi\/wp_feeniks\/wp-content\/uploads\/2016\/08\/oranssi_pieni.png","width":600,"height":187,"caption":"Feeniks-nettikoulu"},"image":{"@id":"https:\/\/feeniks-koulu.fi\/wp_feeniks\/#\/schema\/logo\/image\/"}}]}},"_links":{"self":[{"href":"https:\/\/feeniks-koulu.fi\/wp_feeniks\/wp-json\/wp\/v2\/pages\/5","targetHints":{"allow":["GET"]}}],"collection":[{"href":"https:\/\/feeniks-koulu.fi\/wp_feeniks\/wp-json\/wp\/v2\/pages"}],"about":[{"href":"https:\/\/feeniks-koulu.fi\/wp_feeniks\/wp-json\/wp\/v2\/types\/page"}],"author":[{"embeddable":true,"href":"https:\/\/feeniks-koulu.fi\/wp_feeniks\/wp-json\/wp\/v2\/users\/1"}],"replies":[{"embeddable":true,"href":"https:\/\/feeniks-koulu.fi\/wp_feeniks\/wp-json\/wp\/v2\/comments?post=5"}],"version-history":[{"count":13,"href":"https:\/\/feeniks-koulu.fi\/wp_feeniks\/wp-json\/wp\/v2\/pages\/5\/revisions"}],"predecessor-version":[{"id":1346,"href":"https:\/\/feeniks-koulu.fi\/wp_feeniks\/wp-json\/wp\/v2\/pages\/5\/revisions\/1346"}],"wp:featuredmedia":[{"embeddable":true,"href":"https:\/\/feeniks-koulu.fi\/wp_feeniks\/wp-json\/wp\/v2\/media\/1185"}],"wp:attachment":[{"href":"https:\/\/feeniks-koulu.fi\/wp_feeniks\/wp-json\/wp\/v2\/media?parent=5"}],"curies":[{"name":"wp","href":"https:\/\/api.w.org\/{rel}","templated":true}]}}