{"id":14,"date":"2016-08-15T14:38:33","date_gmt":"2016-08-15T14:38:33","guid":{"rendered":"https:\/\/feeniks-koulu.fi\/wp_feeniks\/?page_id=14"},"modified":"2026-02-28T16:50:24","modified_gmt":"2026-02-28T14:50:24","slug":"hinnasto","status":"publish","type":"page","link":"https:\/\/feeniks-koulu.fi\/wp_feeniks\/hinnasto\/","title":{"rendered":"Hinnasto"},"content":{"rendered":"<p align=\"left\">Feeniks-nettikoulun kuukausimaksu on 55 \u20ac\/kk ensimm\u00e4iselt\u00e4 lapselta ja sisaruksilta 10 \u20ac\/sisarus lis\u00e4\u00e4. Esim. 3 lapselle Feeniksin kuukausimaksu on siis 75 \u20ac\/kk.<\/p>\n<p align=\"left\">Kuukausimaksun voi maksaa kuukausi kerralla tai pidemm\u00e4ksi ajaksi. 3 kk maksussa on 5% alennus, 6 kk maksussa 10% alennus ja 12 kk maksussa 20% alennus.<\/p>\n<p align=\"left\">Kuukausimaksuun sis\u00e4ltyv\u00e4t my\u00f6s mahdolliset vanhempien ja tutkivan opettajan k\u00e4ytt\u00e4j\u00e4tunnukset.<\/p>\n<h2><b>Mit\u00e4 Feeniks-nettikoulun kuukausimaksu sis\u00e4lt\u00e4\u00e4?<\/b><\/h2>\n<ul>\n<li>Esi- ja perusopetuksen pakollisten oppiaineiden teht\u00e4v\u00e4t vuosiluokille 1 &#8211; 9*<\/li>\n<li>Tiedonrakentajat-j\u00e4rjestelm\u00e4n k\u00e4ytt\u00f6lisenssi ja opastus nettikoulun k\u00e4ytt\u00f6\u00f6n<\/li>\n<li>Puhelin-\/Whatsapp- ja s\u00e4hk\u00f6postituki arkisin ja sopimuksen mukaan muina aikoina<\/li>\n<li>Perhekohtainen tuki kotiopintojen j\u00e4rjest\u00e4miseen<\/li>\n<li>Yhteydenpito perheen viranomaisverkostoissa<\/li>\n<li>Oppilaskohtaisen opintosuunnitelman tekeminen ja sen s\u00e4\u00e4nn\u00f6llinen tarkistaminen<\/li>\n<li>Mahdollisuus yksityisopetuksen ja tuutoroinnin hankintaan kauttamme<\/li>\n<li>Tarvittaessa yhteenveto opinnoista tutkivalle opettajalle<\/li>\n<li>Mahdollisuus hankkia edullisesti opiskelua tukevia lis\u00e4materiaaleja<\/li>\n<\/ul>\n<p><em>*Oppiaineiden teht\u00e4viin sis\u00e4ltyv\u00e4t katsomusaineista ev. lut. uskonnon sek\u00e4 el\u00e4m\u00e4nkatsomustiedon teht\u00e4v\u00e4t. Kielist\u00e4 on tarjolla \u00e4idinkielen (suomi), A1-englannin, B1-ruotsin sek\u00e4 suomi toisena kielen\u00e4 (S2) teht\u00e4v\u00e4t.<\/em><\/p>\n<p>Voit hankkia Feeniks-nettikoulun k\u00e4ytt\u00f6oikeutta tarpeen mukaan kuukausittain tai pidemm\u00e4ksi aikaa kerrallaan. Opiskelun Feeniks-nettikoulussa voi aloittaa joustavasti mihin aikaan vuodesta tahansa.<\/p>\n<p><span style=\"text-decoration: underline;\"><a href=\"https:\/\/feeniks-koulu.fi\/wp_feeniks\/mukaan\/ilmoittaudu-oppilaaksi\/\" rel=\"noopener\">Ilmoittaudu oppilaaksi <\/a><\/span><em>\u00a0<\/em><\/p>\n<h3>Hinnasto<\/h3>\n<table border=\"1\" cellpadding=\"4\">\n<tbody>\n<tr>\n<td>\n<p align=\"left\"><span style=\"font-size: small;\"><a href=\"https:\/\/www.tiedonrakentajat.fi\" target=\"_blank\" rel=\"noopener noreferrer\">Tiedonrakentajat<\/a> -j\u00e4rjestelm\u00e4n k\u00e4ytt\u00f6maksu<\/span><\/p>\n<\/td>\n<td>\n<p align=\"left\"><span style=\"font-size: small;\">55 \u20ac\/kk ensimm\u00e4inen lapsi<\/span><\/p>\n<p style=\"font-size: small;\" align=\"left\">+ 10 \u20ac\/sisarus<\/p>\n<p style=\"font-size: small;\" align=\"left\">katso yll\u00e4 tarkempi selvitys<\/p>\n<\/td>\n<\/tr>\n<tr>\n<td>\n<p align=\"left\"><span style=\"font-size: small;\">Tutorointi verkossa<br \/>\n(&lt; 30 min)<\/span><\/p>\n<\/td>\n<td>\n<p align=\"left\"><span style=\"font-size: small;\">Suositus: 25 \u20ac \/ kerta (*)<br \/>\n<\/span><\/p>\n<\/td>\n<\/tr>\n<tr>\n<td>\n<p align=\"left\"><span style=\"font-size: small;\">Opetus verkossa<br \/>\n(45 min)<\/span><\/p>\n<\/td>\n<td>\n<p align=\"left\"><span style=\"font-size: small;\">Suositus: 45 \u20ac \/ kerta (*)<\/span><\/p>\n<\/td>\n<\/tr>\n<tr>\n<td>\n<p align=\"left\"><span style=\"font-size: small;\">Opetus verkossa<br \/>\n(75 min)<\/span><\/p>\n<\/td>\n<td>\n<p align=\"left\"><span style=\"font-size: small;\">Suositus: 70 \u20ac \/ kerta (*)<\/span><\/p>\n<\/td>\n<\/tr>\n<tr>\n<td>\n<p align=\"left\"><span style=\"font-size: small;\">Kotik\u00e4ynnit<\/span><\/p>\n<\/td>\n<td>\n<p align=\"left\"><span style=\"font-size: small;\">Sopimuksen mukaan<\/span><\/p>\n<\/td>\n<\/tr>\n<\/tbody>\n<\/table>\n<p><!--more--><\/p>\n<p>(*) Taulukossa olevat oppituntien ja tutoroinnin suositushinnat koskevat Feeniks-nettikoulun ohjaajien tarjoamaa tutorointia tai opetusta. Feeniks-nettikoulun k\u00e4ytt\u00e4j\u00e4t saavat tarvitessaan kauttamme my\u00f6s eri oppiaineiden yksityisopettajien yhteystietoja. Yksityisopettajat m\u00e4\u00e4ritt\u00e4v\u00e4t omat hintansa itsen\u00e4isesti. Jos olet opettaja ja tarjoat oppitunteja, <a href=\"https:\/\/feeniks-koulu.fi\/wp_feeniks\/mukaan\/ilmoittaudu-opettajaksi\/\" rel=\"noopener\"><span style=\"text-decoration: underline;\">ilmoittaudu opettajalistallemme t\u00e4\u00e4ll\u00e4.<\/span><\/a><\/p>\n<h3>Tarvitsetko Feeniks-nettikoulun teht\u00e4vien lis\u00e4ksi tutorointia tai opetusta?<\/h3>\n<p><em><strong>Tutorointi<\/strong><\/em> on yhdess\u00e4 oppijan tai perheen kanssa tapahtuvaa ohjausta liittyen Feeniks-nettikoulun teht\u00e4viin tai kotioppimiseen. K\u00e4yt\u00e4nn\u00f6ss\u00e4 tutorointi on esimerkiksi:<\/p>\n<ul>\n<li>teht\u00e4vien l\u00e4pik\u00e4ynti\u00e4 oppijan tai perheen kanssa<\/li>\n<li>kirjallisen palautteen antamista teht\u00e4vist\u00e4<\/li>\n<li>osallistuminen tapaamiseen esimerkiksi tutkivan opettajan tai koulun kanssa<\/li>\n<li>muuta ohjaamista, kuten ajank\u00e4yt\u00f6n suunnittelua, opastusta opiskeluun tarvittavien l\u00e4hteiden k\u00e4yt\u00f6ss\u00e4 tms.<\/li>\n<\/ul>\n<p><em><strong>Yksityisopetus<\/strong><\/em> keskittyy tiettyyn oppiaineeseen tai teemaan. Yksityisopettaja pit\u00e4\u00e4 oppitunteja, joiden lis\u00e4ksi h\u00e4n suunnittelee ja valmistelee opetusta sek\u00e4 mahdollisesti my\u00f6s oppimateriaaleja.<\/p>\n<p>Tutorointia ja yksityisopetusta voit hankkia Feeniks-nettikoulun k\u00e4ytt\u00e4j\u00e4n\u00e4 ohjaajiltamme tai opettajalistallemme ilmoittautuneilta eri oppiaineiden opettajilta.<\/p>\n<h3>Ryhm\u00e4kurssit<\/h3>\n<p>Feeniks-nettikoulu j\u00e4rjest\u00e4\u00e4 et\u00e4n\u00e4 my\u00f6s monipuolisia ryhm\u00e4kursseja eri oppiaineista. Kurssit julkaistaan aina puolivuosittain syksyn ja kev\u00e4\u00e4n alussa. T\u00e4h\u00e4n menness\u00e4 olemme j\u00e4rjest\u00e4neet muun muassa musiikin, kemian sek\u00e4 ruotsin ja englannin kielen kursseja. Ilmoitamme kursseista kirjeiss\u00e4mme sek\u00e4 somekanavillamme.<\/p>\n<div>\n<h3 dir=\"ltr\">Opintosuunnitelmat<\/h3>\n<p>Haluaisitko opintosuunnitelman lukuvuodeksi ilman nettikoulun k\u00e4ytt\u00f6\u00f6nottoa? Henkil\u00f6kohtaisesti laadittu opintosuunnitelma perustuu valtakunnalliseen tai kunnalliseen opetussuunnitelmaan ja sis\u00e4lt\u00e4\u00e4 meneill\u00e4\u00e4n olevan lukuvuoden keskeiset sis\u00e4ll\u00f6t.<\/p>\n<\/div>\n<p>Suunnitelma sis\u00e4lt\u00e4\u00e4:<br \/>\n&#8211; Noin 1-1,5h et\u00e4tapaamisen perheen kanssa.<br \/>\n&#8211; Lukuvuoden sis\u00e4ll\u00f6t valitulle vuosiluokalle (valtakunnallinen tai kunnallinen OPS pohjana).<br \/>\n&#8211; Vinkit ilmaisista ja avoimista oppimateriaaleista.<br \/>\n&#8211; Suunnitelma s\u00e4hk\u00f6isess\u00e4 pohjassa, jossa perhe voi itsekin halutessaan muokata suunnitelmaa.<\/p>\n<h5>Opintosuunnitelmien hinnasto<\/h5>\n<ul>\n<li>1. &#8211; 2. luokka, 95\u20ac (sis. ALV 25,5%)<\/li>\n<li>3. &#8211; 6. luokka, 115\u20ac (sis. ALV, 25,5%)<\/li>\n<li>7. &#8211; 9. luokka, 135\u20ac (sis. ALV, 25,5%)<\/li>\n<\/ul>\n<div>\n<h3 dir=\"ltr\"><strong>Maksupalvelutarjoaja<\/strong><\/h3>\n<\/div>\n<div>\n<p dir=\"ltr\">Maksunv\u00e4lityspalvelun toteuttajana ja maksupalveluntarjoajana toimii <span class=\"il\">Paytrail<\/span> Oyj (2122839-7) yhteisty\u00f6ss\u00e4 suomalaisten pankkien ja luottolaitosten kanssa. <span class=\"il\">Paytrail<\/span> Oyj n\u00e4kyy maksun saajana tiliotteella tai korttilaskulla ja v\u00e4litt\u00e4\u00e4 maksun kauppiaalle. <span class=\"il\">Paytrail<\/span> Oyj:ll\u00e4 on maksulaitoksen toimilupa. Reklamaatiotapauksissa pyyd\u00e4mme ottamaan ensisijaisesti yhteytt\u00e4 tuotteen toimittajaan.<\/p>\n<\/div>\n<div>\n<p dir=\"ltr\"><span class=\"il\">Paytrail<\/span> Oyj, y-tunnus: 2122839-7<br \/>\nInnova 2<br \/>\nLutakonaukio 7<br \/>\n40100 Jyv\u00e4skyl\u00e4<br \/>\n<a href=\"https:\/\/www.paytrail.com\/\" target=\"_blank\" rel=\"noopener noreferrer\" data-saferedirecturl=\"https:\/\/www.google.com\/url?q=https:\/\/www.paytrail.com\/&amp;source=gmail&amp;ust=1696527021383000&amp;usg=AOvVaw1VxNWxOVfvjXJuS8QmNIbX\"><u><span class=\"il\">paytrail<\/span>.com\/kuluttaja\/tietoa-<wbr \/>maksamisesta<\/u><\/a><\/p>\n<\/div>\n<p><strong>Lis\u00e4tietoa<\/strong><\/p>\n<p>Lis\u00e4tietoa maksuista <a href=\"https:\/\/feeniks-koulu.fi\/wp_feeniks\/yhteystiedot\/\" rel=\"noopener\"><span style=\"text-decoration: underline;\">voit kysy\u00e4 ohjaajiltamme<\/span><\/a>.<\/p>\n<p>Feeniks-nettikoulu on yksityisrahoitteinen. Taloutta hoitaa koulun kannatusyhdistys, <a href=\"https:\/\/www.kehittyvakoulu.fi\" target=\"_blank\" rel=\"noopener noreferrer\">Kehittyv\u00e4 koulu -yhdistys ry<\/a>\u00a0 (2180663-6).<\/p>\n<p><strong>Sivu p\u00e4ivitetty:<\/strong> 31.7.2025<\/p>\n","protected":false},"excerpt":{"rendered":"<p>Feeniks-nettikoulun kuukausimaksu on 55 \u20ac\/kk ensimm\u00e4iselt\u00e4 lapselta ja sisaruksilta 10 \u20ac\/sisarus lis\u00e4\u00e4. Esim. 3 lapselle Feeniksin kuukausimaksu on siis 75 \u20ac\/kk. Kuukausimaksun voi maksaa kuukausi kerralla tai pidemm\u00e4ksi ajaksi. 3 kk maksussa on 5% alennus, 6 kk maksussa 10% alennus ja 12 kk maksussa 20% alennus. Kuukausimaksuun sis\u00e4ltyv\u00e4t my\u00f6s mahdolliset vanhempien ja tutkivan opettajan k\u00e4ytt\u00e4j\u00e4tunnukset. [&hellip;]<\/p>\n","protected":false},"author":1,"featured_media":84,"parent":0,"menu_order":0,"comment_status":"closed","ping_status":"closed","template":"","meta":{"_monsterinsights_skip_tracking":false,"_monsterinsights_sitenote_active":false,"_monsterinsights_sitenote_note":"","_monsterinsights_sitenote_category":0,"footnotes":""},"class_list":["post-14","page","type-page","status-publish","has-post-thumbnail","hentry"],"yoast_head":"<!-- This site is optimized with the Yoast SEO plugin v27.3 - https:\/\/yoast.com\/product\/yoast-seo-wordpress\/ -->\n<title>Hinnasto - Feeniks-nettikoulu<\/title>\n<meta name=\"robots\" content=\"index, follow, max-snippet:-1, max-image-preview:large, max-video-preview:-1\" \/>\n<link rel=\"canonical\" href=\"https:\/\/feeniks-koulu.fi\/wp_feeniks\/hinnasto\/\" \/>\n<meta property=\"og:locale\" content=\"fi_FI\" \/>\n<meta property=\"og:type\" content=\"article\" \/>\n<meta property=\"og:title\" content=\"Hinnasto - Feeniks-nettikoulu\" \/>\n<meta property=\"og:description\" content=\"Feeniks-nettikoulun kuukausimaksu on 55 \u20ac\/kk ensimm\u00e4iselt\u00e4 lapselta ja sisaruksilta 10 \u20ac\/sisarus lis\u00e4\u00e4. Esim. 3 lapselle Feeniksin kuukausimaksu on siis 75 \u20ac\/kk. Kuukausimaksun voi maksaa kuukausi kerralla tai pidemm\u00e4ksi ajaksi. 3 kk maksussa on 5% alennus, 6 kk maksussa 10% alennus ja 12 kk maksussa 20% alennus. Kuukausimaksuun sis\u00e4ltyv\u00e4t my\u00f6s mahdolliset vanhempien ja tutkivan opettajan k\u00e4ytt\u00e4j\u00e4tunnukset. [&hellip;]\" \/>\n<meta property=\"og:url\" content=\"https:\/\/feeniks-koulu.fi\/wp_feeniks\/hinnasto\/\" \/>\n<meta property=\"og:site_name\" content=\"Feeniks-nettikoulu\" \/>\n<meta property=\"article:modified_time\" content=\"2026-02-28T14:50:24+00:00\" \/>\n<meta property=\"og:image\" content=\"https:\/\/feeniks-koulu.fi\/wp_feeniks\/wp-content\/uploads\/2018\/02\/pexels-photo-515171_small_crop.jpg\" \/>\n\t<meta property=\"og:image:width\" content=\"2560\" \/>\n\t<meta property=\"og:image:height\" content=\"1120\" \/>\n\t<meta property=\"og:image:type\" content=\"image\/jpeg\" \/>\n<meta name=\"twitter:card\" content=\"summary_large_image\" \/>\n<meta name=\"twitter:label1\" content=\"Arvioitu lukuaika\" \/>\n\t<meta name=\"twitter:data1\" content=\"4 minuuttia\" \/>\n<script type=\"application\/ld+json\" class=\"yoast-schema-graph\">{\"@context\":\"https:\\\/\\\/schema.org\",\"@graph\":[{\"@type\":\"WebPage\",\"@id\":\"https:\\\/\\\/feeniks-koulu.fi\\\/wp_feeniks\\\/hinnasto\\\/\",\"url\":\"https:\\\/\\\/feeniks-koulu.fi\\\/wp_feeniks\\\/hinnasto\\\/\",\"name\":\"Hinnasto - Feeniks-nettikoulu\",\"isPartOf\":{\"@id\":\"https:\\\/\\\/feeniks-koulu.fi\\\/wp_feeniks\\\/#website\"},\"primaryImageOfPage\":{\"@id\":\"https:\\\/\\\/feeniks-koulu.fi\\\/wp_feeniks\\\/hinnasto\\\/#primaryimage\"},\"image\":{\"@id\":\"https:\\\/\\\/feeniks-koulu.fi\\\/wp_feeniks\\\/hinnasto\\\/#primaryimage\"},\"thumbnailUrl\":\"https:\\\/\\\/feeniks-koulu.fi\\\/wp_feeniks\\\/wp-content\\\/uploads\\\/2018\\\/02\\\/pexels-photo-515171_small_crop.jpg\",\"datePublished\":\"2016-08-15T14:38:33+00:00\",\"dateModified\":\"2026-02-28T14:50:24+00:00\",\"breadcrumb\":{\"@id\":\"https:\\\/\\\/feeniks-koulu.fi\\\/wp_feeniks\\\/hinnasto\\\/#breadcrumb\"},\"inLanguage\":\"fi\",\"potentialAction\":[{\"@type\":\"ReadAction\",\"target\":[\"https:\\\/\\\/feeniks-koulu.fi\\\/wp_feeniks\\\/hinnasto\\\/\"]}]},{\"@type\":\"ImageObject\",\"inLanguage\":\"fi\",\"@id\":\"https:\\\/\\\/feeniks-koulu.fi\\\/wp_feeniks\\\/hinnasto\\\/#primaryimage\",\"url\":\"https:\\\/\\\/feeniks-koulu.fi\\\/wp_feeniks\\\/wp-content\\\/uploads\\\/2018\\\/02\\\/pexels-photo-515171_small_crop.jpg\",\"contentUrl\":\"https:\\\/\\\/feeniks-koulu.fi\\\/wp_feeniks\\\/wp-content\\\/uploads\\\/2018\\\/02\\\/pexels-photo-515171_small_crop.jpg\",\"width\":2560,\"height\":1120,\"caption\":\"Startup Business People Working on Laptop Copy Space\"},{\"@type\":\"BreadcrumbList\",\"@id\":\"https:\\\/\\\/feeniks-koulu.fi\\\/wp_feeniks\\\/hinnasto\\\/#breadcrumb\",\"itemListElement\":[{\"@type\":\"ListItem\",\"position\":1,\"name\":\"Etusivu\",\"item\":\"https:\\\/\\\/feeniks-koulu.fi\\\/wp_feeniks\\\/\"},{\"@type\":\"ListItem\",\"position\":2,\"name\":\"Hinnasto\"}]},{\"@type\":\"WebSite\",\"@id\":\"https:\\\/\\\/feeniks-koulu.fi\\\/wp_feeniks\\\/#website\",\"url\":\"https:\\\/\\\/feeniks-koulu.fi\\\/wp_feeniks\\\/\",\"name\":\"Feeniks-nettikoulu\",\"description\":\"\",\"publisher\":{\"@id\":\"https:\\\/\\\/feeniks-koulu.fi\\\/wp_feeniks\\\/#organization\"},\"potentialAction\":[{\"@type\":\"SearchAction\",\"target\":{\"@type\":\"EntryPoint\",\"urlTemplate\":\"https:\\\/\\\/feeniks-koulu.fi\\\/wp_feeniks\\\/?s={search_term_string}\"},\"query-input\":{\"@type\":\"PropertyValueSpecification\",\"valueRequired\":true,\"valueName\":\"search_term_string\"}}],\"inLanguage\":\"fi\"},{\"@type\":\"Organization\",\"@id\":\"https:\\\/\\\/feeniks-koulu.fi\\\/wp_feeniks\\\/#organization\",\"name\":\"Feeniks-nettikoulu\",\"url\":\"https:\\\/\\\/feeniks-koulu.fi\\\/wp_feeniks\\\/\",\"logo\":{\"@type\":\"ImageObject\",\"inLanguage\":\"fi\",\"@id\":\"https:\\\/\\\/feeniks-koulu.fi\\\/wp_feeniks\\\/#\\\/schema\\\/logo\\\/image\\\/\",\"url\":\"https:\\\/\\\/feeniks-koulu.fi\\\/wp_feeniks\\\/wp-content\\\/uploads\\\/2016\\\/08\\\/oranssi_pieni.png\",\"contentUrl\":\"https:\\\/\\\/feeniks-koulu.fi\\\/wp_feeniks\\\/wp-content\\\/uploads\\\/2016\\\/08\\\/oranssi_pieni.png\",\"width\":600,\"height\":187,\"caption\":\"Feeniks-nettikoulu\"},\"image\":{\"@id\":\"https:\\\/\\\/feeniks-koulu.fi\\\/wp_feeniks\\\/#\\\/schema\\\/logo\\\/image\\\/\"}}]}<\/script>\n<!-- \/ Yoast SEO plugin. -->","yoast_head_json":{"title":"Hinnasto - Feeniks-nettikoulu","robots":{"index":"index","follow":"follow","max-snippet":"max-snippet:-1","max-image-preview":"max-image-preview:large","max-video-preview":"max-video-preview:-1"},"canonical":"https:\/\/feeniks-koulu.fi\/wp_feeniks\/hinnasto\/","og_locale":"fi_FI","og_type":"article","og_title":"Hinnasto - Feeniks-nettikoulu","og_description":"Feeniks-nettikoulun kuukausimaksu on 55 \u20ac\/kk ensimm\u00e4iselt\u00e4 lapselta ja sisaruksilta 10 \u20ac\/sisarus lis\u00e4\u00e4. Esim. 3 lapselle Feeniksin kuukausimaksu on siis 75 \u20ac\/kk. Kuukausimaksun voi maksaa kuukausi kerralla tai pidemm\u00e4ksi ajaksi. 3 kk maksussa on 5% alennus, 6 kk maksussa 10% alennus ja 12 kk maksussa 20% alennus. Kuukausimaksuun sis\u00e4ltyv\u00e4t my\u00f6s mahdolliset vanhempien ja tutkivan opettajan k\u00e4ytt\u00e4j\u00e4tunnukset. [&hellip;]","og_url":"https:\/\/feeniks-koulu.fi\/wp_feeniks\/hinnasto\/","og_site_name":"Feeniks-nettikoulu","article_modified_time":"2026-02-28T14:50:24+00:00","og_image":[{"width":2560,"height":1120,"url":"https:\/\/feeniks-koulu.fi\/wp_feeniks\/wp-content\/uploads\/2018\/02\/pexels-photo-515171_small_crop.jpg","type":"image\/jpeg"}],"twitter_card":"summary_large_image","twitter_misc":{"Arvioitu lukuaika":"4 minuuttia"},"schema":{"@context":"https:\/\/schema.org","@graph":[{"@type":"WebPage","@id":"https:\/\/feeniks-koulu.fi\/wp_feeniks\/hinnasto\/","url":"https:\/\/feeniks-koulu.fi\/wp_feeniks\/hinnasto\/","name":"Hinnasto - Feeniks-nettikoulu","isPartOf":{"@id":"https:\/\/feeniks-koulu.fi\/wp_feeniks\/#website"},"primaryImageOfPage":{"@id":"https:\/\/feeniks-koulu.fi\/wp_feeniks\/hinnasto\/#primaryimage"},"image":{"@id":"https:\/\/feeniks-koulu.fi\/wp_feeniks\/hinnasto\/#primaryimage"},"thumbnailUrl":"https:\/\/feeniks-koulu.fi\/wp_feeniks\/wp-content\/uploads\/2018\/02\/pexels-photo-515171_small_crop.jpg","datePublished":"2016-08-15T14:38:33+00:00","dateModified":"2026-02-28T14:50:24+00:00","breadcrumb":{"@id":"https:\/\/feeniks-koulu.fi\/wp_feeniks\/hinnasto\/#breadcrumb"},"inLanguage":"fi","potentialAction":[{"@type":"ReadAction","target":["https:\/\/feeniks-koulu.fi\/wp_feeniks\/hinnasto\/"]}]},{"@type":"ImageObject","inLanguage":"fi","@id":"https:\/\/feeniks-koulu.fi\/wp_feeniks\/hinnasto\/#primaryimage","url":"https:\/\/feeniks-koulu.fi\/wp_feeniks\/wp-content\/uploads\/2018\/02\/pexels-photo-515171_small_crop.jpg","contentUrl":"https:\/\/feeniks-koulu.fi\/wp_feeniks\/wp-content\/uploads\/2018\/02\/pexels-photo-515171_small_crop.jpg","width":2560,"height":1120,"caption":"Startup Business People Working on Laptop Copy Space"},{"@type":"BreadcrumbList","@id":"https:\/\/feeniks-koulu.fi\/wp_feeniks\/hinnasto\/#breadcrumb","itemListElement":[{"@type":"ListItem","position":1,"name":"Etusivu","item":"https:\/\/feeniks-koulu.fi\/wp_feeniks\/"},{"@type":"ListItem","position":2,"name":"Hinnasto"}]},{"@type":"WebSite","@id":"https:\/\/feeniks-koulu.fi\/wp_feeniks\/#website","url":"https:\/\/feeniks-koulu.fi\/wp_feeniks\/","name":"Feeniks-nettikoulu","description":"","publisher":{"@id":"https:\/\/feeniks-koulu.fi\/wp_feeniks\/#organization"},"potentialAction":[{"@type":"SearchAction","target":{"@type":"EntryPoint","urlTemplate":"https:\/\/feeniks-koulu.fi\/wp_feeniks\/?s={search_term_string}"},"query-input":{"@type":"PropertyValueSpecification","valueRequired":true,"valueName":"search_term_string"}}],"inLanguage":"fi"},{"@type":"Organization","@id":"https:\/\/feeniks-koulu.fi\/wp_feeniks\/#organization","name":"Feeniks-nettikoulu","url":"https:\/\/feeniks-koulu.fi\/wp_feeniks\/","logo":{"@type":"ImageObject","inLanguage":"fi","@id":"https:\/\/feeniks-koulu.fi\/wp_feeniks\/#\/schema\/logo\/image\/","url":"https:\/\/feeniks-koulu.fi\/wp_feeniks\/wp-content\/uploads\/2016\/08\/oranssi_pieni.png","contentUrl":"https:\/\/feeniks-koulu.fi\/wp_feeniks\/wp-content\/uploads\/2016\/08\/oranssi_pieni.png","width":600,"height":187,"caption":"Feeniks-nettikoulu"},"image":{"@id":"https:\/\/feeniks-koulu.fi\/wp_feeniks\/#\/schema\/logo\/image\/"}}]}},"_links":{"self":[{"href":"https:\/\/feeniks-koulu.fi\/wp_feeniks\/wp-json\/wp\/v2\/pages\/14","targetHints":{"allow":["GET"]}}],"collection":[{"href":"https:\/\/feeniks-koulu.fi\/wp_feeniks\/wp-json\/wp\/v2\/pages"}],"about":[{"href":"https:\/\/feeniks-koulu.fi\/wp_feeniks\/wp-json\/wp\/v2\/types\/page"}],"author":[{"embeddable":true,"href":"https:\/\/feeniks-koulu.fi\/wp_feeniks\/wp-json\/wp\/v2\/users\/1"}],"replies":[{"embeddable":true,"href":"https:\/\/feeniks-koulu.fi\/wp_feeniks\/wp-json\/wp\/v2\/comments?post=14"}],"version-history":[{"count":29,"href":"https:\/\/feeniks-koulu.fi\/wp_feeniks\/wp-json\/wp\/v2\/pages\/14\/revisions"}],"predecessor-version":[{"id":1335,"href":"https:\/\/feeniks-koulu.fi\/wp_feeniks\/wp-json\/wp\/v2\/pages\/14\/revisions\/1335"}],"wp:featuredmedia":[{"embeddable":true,"href":"https:\/\/feeniks-koulu.fi\/wp_feeniks\/wp-json\/wp\/v2\/media\/84"}],"wp:attachment":[{"href":"https:\/\/feeniks-koulu.fi\/wp_feeniks\/wp-json\/wp\/v2\/media?parent=14"}],"curies":[{"name":"wp","href":"https:\/\/api.w.org\/{rel}","templated":true}]}}