{"id":1134,"date":"2025-12-03T12:01:07","date_gmt":"2025-12-03T10:01:07","guid":{"rendered":"https:\/\/feeniks-koulu.fi\/wp_feeniks\/?page_id=1134"},"modified":"2025-12-03T13:19:56","modified_gmt":"2025-12-03T11:19:56","slug":"lasten-ja-nuorten-oma-media-kurssi","status":"publish","type":"page","link":"https:\/\/feeniks-koulu.fi\/wp_feeniks\/lasten-ja-nuorten-oma-media-kurssi\/","title":{"rendered":"Lasten ja nuorten oma media -kurssi"},"content":{"rendered":"<h3><b>Tee oma media ja opi vaikuttamaan!<\/b><\/h3>\n<p><span style=\"font-weight: 400;\">Lasten ja nuorten oma media -kurssi on nelj\u00e4n kuukauden et\u00e4kurssi kev\u00e4\u00e4ll\u00e4 2026, jossa 11\u201316-vuotiaat tekev\u00e4t alusta asti oman median \u2013 ihka oikean sanomalehden. Ideoimme sis\u00e4ll\u00f6t yhdess\u00e4, harjoittelemme kirjoittamista, kuvittamista, grafiikan tekoa, sek\u00e4 kuvien editointia. Kurssin aikana syntyy oma painettu julkaisu.\u00a0<\/span><\/p>\n<p><span style=\"font-weight: 400;\">Kurssin p\u00e4\u00e4tteeksi j\u00e4rjest\u00e4mme juhlatilaisuuden eli julkkarit et\u00e4n\u00e4, jossa esittelemme valmiin sanomalehden ja paikalle voi kutsua oman l\u00e4hipiirin. Lis\u00e4ksi haemme kirjastosta n\u00e4yttelypaikkaa, jotta ty\u00f6 p\u00e4\u00e4see kunnolla esille. Opiskelijat saavat sanomalehdest\u00e4 oman painetun kappaleensa.<\/span><\/p>\n<h3>Miksi t\u00e4m\u00e4 kurssi?<\/h3>\n<p><span style=\"font-weight: 400;\">Lukeminen, kirjoittaminen ja medialukutaito ovat t\u00e4rkeit\u00e4 taitoja \u2013 nyt ja tulevaisuudessa. Kurssilla tuetaan lasten ja nuorten kyky\u00e4 ymm\u00e4rt\u00e4\u00e4 mediaa, arvioida l\u00e4hteit\u00e4 ja kertoa omaa tarinaansa. Samalla harjoitellaan demokratian ydintaitoja: kuuntelemista, neuvottelua ja yhteisten p\u00e4\u00e4t\u00f6sten tekemist\u00e4. Tutustumme erilaisiin lehtiin, sek\u00e4 Julkisen sanan neuvoston journalistin ohjeisiin.<\/span><\/p>\n<h3><b>Miten kurssi toteutetaan?<\/b><\/h3>\n<p><span style=\"font-weight: 400;\">Kurssin sis\u00e4ll\u00f6t suunnitellaan osallistujien kanssa yhteisty\u00f6ss\u00e4. Lehden nimi, jutut ja arvot p\u00e4\u00e4tet\u00e4\u00e4n yhdess\u00e4 \u2013 n\u00e4in tekeminen tuntuu merkitykselliselt\u00e4 ja omalta. Opimme k\u00e4yt\u00e4nn\u00f6n taitoja: ideointia, kirjoittamista, kuvittamista ja editointia. Kurssin rungosta ja etenemisest\u00e4 vastaa ohjaaja ja niiden puitteissa lasten on turvallista tehd\u00e4 omia valintoja omien kiinnostuksen kohteiden mukaisesti.<\/span><\/p>\n<h3><b>Kenelle kurssi sopii?<\/b><\/h3>\n<p><span style=\"font-weight: 400;\">Sellaiselle, joka on motivoitunut tekem\u00e4\u00e4n asioita yhdess\u00e4 ja kiinnostunut oman median tekemisest\u00e4. Ik\u00e4haarukka 11-16 mahdollistaa moni\u00e4\u00e4nisen lehden teon ja antaa n\u00e4k\u00f6kulmia eri ik\u00e4isten lasten ja nuorten kiinnostuksen kohteisiin. Kurssilla on mahdollisuus eriytt\u00e4\u00e4 yl\u00f6s- tai alasp\u00e4in, eli kaikki osallistujat tekev\u00e4t omaa juttuaan ja oppivat mediaa omista l\u00e4ht\u00f6kohdistaan k\u00e4sin. Tavoitteena on, ett\u00e4 jokainen voi edet\u00e4 taitojensa ja kiinnostustensa mukaan. Huom! Lehteen voi kirjoittaa my\u00f6s muulla, kuin suomen kielell\u00e4, kunhan osallistuminen suomeksi pidett\u00e4ville tunneille ei ole ongelma ja oma kirjoittaminen toisella kielell\u00e4 sujuu suht itsen\u00e4isesti.<\/span><\/p>\n<p><b>Opettajana toimii graafinen suunnittelija\/AD Katri Kiero<\/b><span style=\"font-weight: 400;\">, jolla on useamman vuoden kokemus lasten ja nuorten luovasta ohjaamisesta, mm. valokuvauskurssien pit\u00e4misest\u00e4. Katri on my\u00f6s kotikoululaisen \u00e4iti ja h\u00e4n on ohjannut kotikouluryhmi\u00e4 yli kolmen vuoden ajan. Kurssilla yhdistyv\u00e4t ammattimainen visuaalinen osaaminen ja osallistava, kuunteleva ohjausote.<\/span><\/p>\n<h4>Tavoitteet<\/h4>\n<ul>\n<li style=\"font-weight: 400;\" aria-level=\"1\"><span style=\"font-weight: 400;\">Luku- ja kirjoitustaidon vahvistuminen<\/span><\/li>\n<li style=\"font-weight: 400;\" aria-level=\"1\"><span style=\"font-weight: 400;\">L\u00e4hdekriittisyyden kehittyminen<\/span><\/li>\n<li style=\"font-weight: 400;\" aria-level=\"1\"><span style=\"font-weight: 400;\">Itseilmaisun ja vaikuttamisen taidot &#8211; kokemus omasta \u00e4\u00e4nest\u00e4<\/span><\/li>\n<li style=\"font-weight: 400;\" aria-level=\"1\"><span style=\"font-weight: 400;\">Demokratian ymm\u00e4rt\u00e4minen oman tekemisen kautta<\/span><\/li>\n<\/ul>\n<h4>Ajankohta Kev\u00e4t 2026<span style=\"font-weight: 400;\">:<\/span><\/h4>\n<ul>\n<li style=\"font-weight: 400;\" aria-level=\"1\"><b>maanantaisin klo 11\u201312<\/b><\/li>\n<li style=\"font-weight: 400;\" aria-level=\"1\"><b>19.1.\u201327.4.\u00a0<\/b><\/li>\n<\/ul>\n<h4><b>Miss\u00e4<\/b><\/h4>\n<p><span style=\"font-weight: 400;\">Zoomissa et\u00e4yhteydell\u00e4.<\/span><\/p>\n<h4>Ryhm\u00e4n koko<\/h4>\n<p><span style=\"font-weight: 400;\">10 ensimm\u00e4ist\u00e4 osallistujaa<\/span><\/p>\n<h4>Hinta<\/h4>\n<p><b>182 \u20ac<\/b><\/p>\n<p><span style=\"font-weight: 400;\">(13 \u20ac \/ kerta, hintaan sis\u00e4ltyy yksi yksil\u00f6tunti, jossa ohjelmistot otetaan k\u00e4ytt\u00f6\u00f6n)<\/span><\/p>\n<h6>Feeniks-nettikoululaiset saavat kurssista -20% Early Bird alennuksen 4.1. asti. Hinta alennuksen kanssa 145,60 \u20ac (10,40 \u20ac \/kerta).<\/h6>\n<p><b>Hinta sis\u00e4lt\u00e4\u00e4:<\/b><\/p>\n<ul>\n<li style=\"font-weight: 400;\" aria-level=\"1\"><span style=\"font-weight: 400;\">ohjaus 13 kertaa<\/span><\/li>\n<li style=\"font-weight: 400;\" aria-level=\"1\"><span style=\"font-weight: 400;\">1 yksil\u00f6tunti kurssin alussa<\/span><\/li>\n<li style=\"font-weight: 400;\" aria-level=\"1\"><span style=\"font-weight: 400;\">painettu sanomalehti kotiin toimitettuna<\/span><\/li>\n<li style=\"font-weight: 400;\" aria-level=\"1\"><span style=\"font-weight: 400;\">tuen yhteisen Signal-ryhm\u00e4n kautta, jossa voi keskutella ja kysy\u00e4 neuvoa tuntien v\u00e4lill\u00e4<\/span><\/li>\n<li style=\"font-weight: 400;\" aria-level=\"1\"><span style=\"font-weight: 400;\">Google -dokumentin \/ ns. lokikirjan, jonne tallennetaan kurssin edistyminen<\/span><\/li>\n<\/ul>\n<h4>Ilmoittaudu<\/h4>\n<p><span style=\"font-weight: 400;\">Osta kurssi nettikoulun verkkokaupasta: <\/span><a href=\"https:\/\/kauppa.feeniks-koulu.fi\/\"><span style=\"font-weight: 400;\">https:\/\/kauppa.feeniks-koulu.fi\/<\/span><\/a><span style=\"font-weight: 400;\"> Kurssipaikka varataan teille maksun j\u00e4lkeen. Ilmoittautuminen on sitova.<\/span><\/p>\n<p>Lis\u00e4ksi ilmoittaudu <a href=\"https:\/\/forms.gle\/6KXEB89NFi2pU3nM6\">ilmoittautumislomakkeella<\/a>. T\u00e4yt\u00e4th\u00e4n jokaisesta oppilaasta oman lomakkeen!<\/p>\n<h2><span style=\"font-weight: 400;\">N\u00e4in kurssi vastaa OPS:n tavoitteisiin<\/span><\/h2>\n<p><span style=\"font-weight: 400;\">Kurssi <\/span><b>t\u00e4ytt\u00e4\u00e4 monia opetussuunnitelman (OPS 2014)<\/b><span style=\"font-weight: 400;\"> tavoitteita. Se tukee etenkin laaja-alaisen osaamisen (L1\u2013L7) tavoitteita, mutta my\u00f6s \u00e4idinkielen, kuvataiteen ja yhteiskuntaopin sis\u00e4lt\u00f6j\u00e4.<\/span><\/p>\n<p><b>\u00c4idinkieli:<\/b><span style=\"font-weight: 400;\"> Eri tyylisten tekstien kirjoittaminen (p\u00e4\u00e4kirjoitus, kolumni, reportaasi, mielipide\u2026)<\/span><span style=\"font-weight: 400;\"><br \/>\n<\/span><b>Kuvaamataito:<\/b><span style=\"font-weight: 400;\"> oman kuvallisen ilmaisun kehitt\u00e4minen<\/span><span style=\"font-weight: 400;\"><br \/>\n<\/span><b>Yhteiskuntaoppi:<\/b><span style=\"font-weight: 400;\"> vaikuttaminen, yhteiskuntaan osallistuminen, yhteisty\u00f6<\/span><\/p>\n<h3><b>Laaja-alainen osaaminen (L1\u2013L7)<\/b><\/h3>\n<p><b>L1 \u2013 Ajattelu ja oppimaan oppiminen<\/b><\/p>\n<ul>\n<li style=\"font-weight: 400;\" aria-level=\"1\"><span style=\"font-weight: 400;\">Kurssi kehitt\u00e4\u00e4 luovaa ajattelua, ongelmanratkaisua ja kriittist\u00e4 pohdintaa.<\/span><\/li>\n<li style=\"font-weight: 400;\" aria-level=\"1\"><span style=\"font-weight: 400;\">Lasten on suunniteltava, testattava ja muokattava omia ideoitaan k\u00e4yt\u00e4nn\u00f6ss\u00e4.<\/span><span style=\"font-weight: 400;\"><br \/>\n<\/span><i><span style=\"font-weight: 400;\">Vastaavuus:<\/span><\/i><span style=\"font-weight: 400;\"> \u201cOppilas osaa tarkastella asioita eri n\u00e4k\u00f6kulmista ja kehitt\u00e4\u00e4 omaa ajatteluaan.\u201d<\/span><\/li>\n<\/ul>\n<p><b>L2 \u2013 Kulttuurinen osaaminen, vuorovaikutus ja ilmaisu<\/b><\/p>\n<ul>\n<li style=\"font-weight: 400;\" aria-level=\"1\"><span style=\"font-weight: 400;\">Osallistujat harjoittelevat ilmaisemaan itse\u00e4\u00e4n eri tavoin (kirjoittaminen, valokuvaus, grafiikka\/kuvitus).<\/span><\/li>\n<li style=\"font-weight: 400;\" aria-level=\"1\"><span style=\"font-weight: 400;\">Kurssi tukee oman \u00e4\u00e4nen ja identiteetin rakentumista sek\u00e4 toisten kunnioittamista.<\/span><span style=\"font-weight: 400;\"><br \/>\n<\/span><i><span style=\"font-weight: 400;\">Vastaavuus:<\/span><\/i><span style=\"font-weight: 400;\"> \u201cOppilas osaa ilmaista itse\u00e4\u00e4n monipuolisesti ja ymm\u00e4rt\u00e4\u00e4 kulttuurien moninaisuutta.\u201d<\/span><\/li>\n<\/ul>\n<p><b>L3 \u2013 Itsest\u00e4 huolehtiminen ja arjen taidot<\/b><\/p>\n<ul>\n<li style=\"font-weight: 400;\" aria-level=\"1\"><span style=\"font-weight: 400;\">Ty\u00f6skentely opettaa pitk\u00e4j\u00e4nteisyytt\u00e4, aikatauluttamista ja vastuunottoa yhteisest\u00e4 projektista.<\/span><span style=\"font-weight: 400;\"><br \/>\n<\/span><i><span style=\"font-weight: 400;\">Vastaavuus:<\/span><\/i><span style=\"font-weight: 400;\"> \u201cOppilas harjoittelee pitk\u00e4j\u00e4nteist\u00e4 ty\u00f6skentely\u00e4 ja oman toiminnan suunnittelua.\u201d<\/span><\/li>\n<\/ul>\n<h2>Muuta<\/h2>\n<p><span style=\"font-weight: 400;\">Kurssilla k\u00e4ytet\u00e4\u00e4n Canvaa ja Google Drive\u00e4. Alle 13-vuotiaat opiskelijat tarvitsevat vanhemman suostumuksen joidenkin ohjelmien k\u00e4ytt\u00f6\u00f6n. Ilmoittautumisen j\u00e4lkeen saatte ohjeet selainpohjaisia ohjelmia varten ja opettaja ottaa yhteytt\u00e4 yhden yksil\u00f6tunnin sopimista varten. Voitte laittaa my\u00f6s ilmoittautumisen yhteydess\u00e4 toiveajan yksil\u00f6tunnin pit\u00e4miseen. Koneeksi riitt\u00e4\u00e4 tavallinen p\u00f6yt\u00e4kone, l\u00e4pp\u00e4ri tai tabletti.<\/span><\/p>\n<p><span style=\"font-weight: 400;\">Kev\u00e4\u00e4n kurssin j\u00e4lkeen on mahdollisuus jatkaa syksyn kurssille, jossa syvennet\u00e4\u00e4n osaamista ja tehd\u00e4\u00e4n yhteinen verkkomedia, jossa hy\u00f6dynnet\u00e4\u00e4n my\u00f6s videokuvaa.<\/span><\/p>\n<h3><b>Tule tekem\u00e4\u00e4n omaa mediaa \u2013 sananvalta kuuluu kaikille!<\/b><\/h3>\n","protected":false},"excerpt":{"rendered":"<p>Tee oma media ja opi vaikuttamaan! Lasten ja nuorten oma media -kurssi on nelj\u00e4n kuukauden et\u00e4kurssi kev\u00e4\u00e4ll\u00e4 2026, jossa 11\u201316-vuotiaat tekev\u00e4t alusta asti oman median \u2013 ihka oikean sanomalehden. Ideoimme sis\u00e4ll\u00f6t yhdess\u00e4, harjoittelemme kirjoittamista, kuvittamista, grafiikan tekoa, sek\u00e4 kuvien editointia. Kurssin aikana syntyy oma painettu julkaisu.\u00a0 Kurssin p\u00e4\u00e4tteeksi j\u00e4rjest\u00e4mme juhlatilaisuuden eli julkkarit et\u00e4n\u00e4, jossa esittelemme [&hellip;]<\/p>\n","protected":false},"author":8,"featured_media":0,"parent":0,"menu_order":0,"comment_status":"closed","ping_status":"closed","template":"","meta":{"_monsterinsights_skip_tracking":false,"_monsterinsights_sitenote_active":false,"_monsterinsights_sitenote_note":"","_monsterinsights_sitenote_category":0,"footnotes":""},"class_list":["post-1134","page","type-page","status-publish","hentry"],"yoast_head":"<!-- This site is optimized with the Yoast SEO plugin v27.3 - https:\/\/yoast.com\/product\/yoast-seo-wordpress\/ -->\n<title>Lasten ja nuorten oma media -kurssi - Feeniks-nettikoulu<\/title>\n<meta name=\"robots\" content=\"index, follow, max-snippet:-1, max-image-preview:large, max-video-preview:-1\" \/>\n<link rel=\"canonical\" href=\"https:\/\/feeniks-koulu.fi\/wp_feeniks\/lasten-ja-nuorten-oma-media-kurssi\/\" \/>\n<meta property=\"og:locale\" content=\"fi_FI\" \/>\n<meta property=\"og:type\" content=\"article\" \/>\n<meta property=\"og:title\" content=\"Lasten ja nuorten oma media -kurssi - Feeniks-nettikoulu\" \/>\n<meta property=\"og:description\" content=\"Tee oma media ja opi vaikuttamaan! Lasten ja nuorten oma media -kurssi on nelj\u00e4n kuukauden et\u00e4kurssi kev\u00e4\u00e4ll\u00e4 2026, jossa 11\u201316-vuotiaat tekev\u00e4t alusta asti oman median \u2013 ihka oikean sanomalehden. Ideoimme sis\u00e4ll\u00f6t yhdess\u00e4, harjoittelemme kirjoittamista, kuvittamista, grafiikan tekoa, sek\u00e4 kuvien editointia. Kurssin aikana syntyy oma painettu julkaisu.\u00a0 Kurssin p\u00e4\u00e4tteeksi j\u00e4rjest\u00e4mme juhlatilaisuuden eli julkkarit et\u00e4n\u00e4, jossa esittelemme [&hellip;]\" \/>\n<meta property=\"og:url\" content=\"https:\/\/feeniks-koulu.fi\/wp_feeniks\/lasten-ja-nuorten-oma-media-kurssi\/\" \/>\n<meta property=\"og:site_name\" content=\"Feeniks-nettikoulu\" \/>\n<meta property=\"article:modified_time\" content=\"2025-12-03T11:19:56+00:00\" \/>\n<meta name=\"twitter:card\" content=\"summary_large_image\" \/>\n<meta name=\"twitter:label1\" content=\"Arvioitu lukuaika\" \/>\n\t<meta name=\"twitter:data1\" content=\"4 minuuttia\" \/>\n<script type=\"application\/ld+json\" class=\"yoast-schema-graph\">{\"@context\":\"https:\\\/\\\/schema.org\",\"@graph\":[{\"@type\":\"WebPage\",\"@id\":\"https:\\\/\\\/feeniks-koulu.fi\\\/wp_feeniks\\\/lasten-ja-nuorten-oma-media-kurssi\\\/\",\"url\":\"https:\\\/\\\/feeniks-koulu.fi\\\/wp_feeniks\\\/lasten-ja-nuorten-oma-media-kurssi\\\/\",\"name\":\"Lasten ja nuorten oma media -kurssi - Feeniks-nettikoulu\",\"isPartOf\":{\"@id\":\"https:\\\/\\\/feeniks-koulu.fi\\\/wp_feeniks\\\/#website\"},\"datePublished\":\"2025-12-03T10:01:07+00:00\",\"dateModified\":\"2025-12-03T11:19:56+00:00\",\"breadcrumb\":{\"@id\":\"https:\\\/\\\/feeniks-koulu.fi\\\/wp_feeniks\\\/lasten-ja-nuorten-oma-media-kurssi\\\/#breadcrumb\"},\"inLanguage\":\"fi\",\"potentialAction\":[{\"@type\":\"ReadAction\",\"target\":[\"https:\\\/\\\/feeniks-koulu.fi\\\/wp_feeniks\\\/lasten-ja-nuorten-oma-media-kurssi\\\/\"]}]},{\"@type\":\"BreadcrumbList\",\"@id\":\"https:\\\/\\\/feeniks-koulu.fi\\\/wp_feeniks\\\/lasten-ja-nuorten-oma-media-kurssi\\\/#breadcrumb\",\"itemListElement\":[{\"@type\":\"ListItem\",\"position\":1,\"name\":\"Etusivu\",\"item\":\"https:\\\/\\\/feeniks-koulu.fi\\\/wp_feeniks\\\/\"},{\"@type\":\"ListItem\",\"position\":2,\"name\":\"Lasten ja nuorten oma media -kurssi\"}]},{\"@type\":\"WebSite\",\"@id\":\"https:\\\/\\\/feeniks-koulu.fi\\\/wp_feeniks\\\/#website\",\"url\":\"https:\\\/\\\/feeniks-koulu.fi\\\/wp_feeniks\\\/\",\"name\":\"Feeniks-nettikoulu\",\"description\":\"\",\"publisher\":{\"@id\":\"https:\\\/\\\/feeniks-koulu.fi\\\/wp_feeniks\\\/#organization\"},\"potentialAction\":[{\"@type\":\"SearchAction\",\"target\":{\"@type\":\"EntryPoint\",\"urlTemplate\":\"https:\\\/\\\/feeniks-koulu.fi\\\/wp_feeniks\\\/?s={search_term_string}\"},\"query-input\":{\"@type\":\"PropertyValueSpecification\",\"valueRequired\":true,\"valueName\":\"search_term_string\"}}],\"inLanguage\":\"fi\"},{\"@type\":\"Organization\",\"@id\":\"https:\\\/\\\/feeniks-koulu.fi\\\/wp_feeniks\\\/#organization\",\"name\":\"Feeniks-nettikoulu\",\"url\":\"https:\\\/\\\/feeniks-koulu.fi\\\/wp_feeniks\\\/\",\"logo\":{\"@type\":\"ImageObject\",\"inLanguage\":\"fi\",\"@id\":\"https:\\\/\\\/feeniks-koulu.fi\\\/wp_feeniks\\\/#\\\/schema\\\/logo\\\/image\\\/\",\"url\":\"https:\\\/\\\/feeniks-koulu.fi\\\/wp_feeniks\\\/wp-content\\\/uploads\\\/2016\\\/08\\\/oranssi_pieni.png\",\"contentUrl\":\"https:\\\/\\\/feeniks-koulu.fi\\\/wp_feeniks\\\/wp-content\\\/uploads\\\/2016\\\/08\\\/oranssi_pieni.png\",\"width\":600,\"height\":187,\"caption\":\"Feeniks-nettikoulu\"},\"image\":{\"@id\":\"https:\\\/\\\/feeniks-koulu.fi\\\/wp_feeniks\\\/#\\\/schema\\\/logo\\\/image\\\/\"}}]}<\/script>\n<!-- \/ Yoast SEO plugin. -->","yoast_head_json":{"title":"Lasten ja nuorten oma media -kurssi - Feeniks-nettikoulu","robots":{"index":"index","follow":"follow","max-snippet":"max-snippet:-1","max-image-preview":"max-image-preview:large","max-video-preview":"max-video-preview:-1"},"canonical":"https:\/\/feeniks-koulu.fi\/wp_feeniks\/lasten-ja-nuorten-oma-media-kurssi\/","og_locale":"fi_FI","og_type":"article","og_title":"Lasten ja nuorten oma media -kurssi - Feeniks-nettikoulu","og_description":"Tee oma media ja opi vaikuttamaan! Lasten ja nuorten oma media -kurssi on nelj\u00e4n kuukauden et\u00e4kurssi kev\u00e4\u00e4ll\u00e4 2026, jossa 11\u201316-vuotiaat tekev\u00e4t alusta asti oman median \u2013 ihka oikean sanomalehden. Ideoimme sis\u00e4ll\u00f6t yhdess\u00e4, harjoittelemme kirjoittamista, kuvittamista, grafiikan tekoa, sek\u00e4 kuvien editointia. Kurssin aikana syntyy oma painettu julkaisu.\u00a0 Kurssin p\u00e4\u00e4tteeksi j\u00e4rjest\u00e4mme juhlatilaisuuden eli julkkarit et\u00e4n\u00e4, jossa esittelemme [&hellip;]","og_url":"https:\/\/feeniks-koulu.fi\/wp_feeniks\/lasten-ja-nuorten-oma-media-kurssi\/","og_site_name":"Feeniks-nettikoulu","article_modified_time":"2025-12-03T11:19:56+00:00","twitter_card":"summary_large_image","twitter_misc":{"Arvioitu lukuaika":"4 minuuttia"},"schema":{"@context":"https:\/\/schema.org","@graph":[{"@type":"WebPage","@id":"https:\/\/feeniks-koulu.fi\/wp_feeniks\/lasten-ja-nuorten-oma-media-kurssi\/","url":"https:\/\/feeniks-koulu.fi\/wp_feeniks\/lasten-ja-nuorten-oma-media-kurssi\/","name":"Lasten ja nuorten oma media -kurssi - Feeniks-nettikoulu","isPartOf":{"@id":"https:\/\/feeniks-koulu.fi\/wp_feeniks\/#website"},"datePublished":"2025-12-03T10:01:07+00:00","dateModified":"2025-12-03T11:19:56+00:00","breadcrumb":{"@id":"https:\/\/feeniks-koulu.fi\/wp_feeniks\/lasten-ja-nuorten-oma-media-kurssi\/#breadcrumb"},"inLanguage":"fi","potentialAction":[{"@type":"ReadAction","target":["https:\/\/feeniks-koulu.fi\/wp_feeniks\/lasten-ja-nuorten-oma-media-kurssi\/"]}]},{"@type":"BreadcrumbList","@id":"https:\/\/feeniks-koulu.fi\/wp_feeniks\/lasten-ja-nuorten-oma-media-kurssi\/#breadcrumb","itemListElement":[{"@type":"ListItem","position":1,"name":"Etusivu","item":"https:\/\/feeniks-koulu.fi\/wp_feeniks\/"},{"@type":"ListItem","position":2,"name":"Lasten ja nuorten oma media -kurssi"}]},{"@type":"WebSite","@id":"https:\/\/feeniks-koulu.fi\/wp_feeniks\/#website","url":"https:\/\/feeniks-koulu.fi\/wp_feeniks\/","name":"Feeniks-nettikoulu","description":"","publisher":{"@id":"https:\/\/feeniks-koulu.fi\/wp_feeniks\/#organization"},"potentialAction":[{"@type":"SearchAction","target":{"@type":"EntryPoint","urlTemplate":"https:\/\/feeniks-koulu.fi\/wp_feeniks\/?s={search_term_string}"},"query-input":{"@type":"PropertyValueSpecification","valueRequired":true,"valueName":"search_term_string"}}],"inLanguage":"fi"},{"@type":"Organization","@id":"https:\/\/feeniks-koulu.fi\/wp_feeniks\/#organization","name":"Feeniks-nettikoulu","url":"https:\/\/feeniks-koulu.fi\/wp_feeniks\/","logo":{"@type":"ImageObject","inLanguage":"fi","@id":"https:\/\/feeniks-koulu.fi\/wp_feeniks\/#\/schema\/logo\/image\/","url":"https:\/\/feeniks-koulu.fi\/wp_feeniks\/wp-content\/uploads\/2016\/08\/oranssi_pieni.png","contentUrl":"https:\/\/feeniks-koulu.fi\/wp_feeniks\/wp-content\/uploads\/2016\/08\/oranssi_pieni.png","width":600,"height":187,"caption":"Feeniks-nettikoulu"},"image":{"@id":"https:\/\/feeniks-koulu.fi\/wp_feeniks\/#\/schema\/logo\/image\/"}}]}},"_links":{"self":[{"href":"https:\/\/feeniks-koulu.fi\/wp_feeniks\/wp-json\/wp\/v2\/pages\/1134","targetHints":{"allow":["GET"]}}],"collection":[{"href":"https:\/\/feeniks-koulu.fi\/wp_feeniks\/wp-json\/wp\/v2\/pages"}],"about":[{"href":"https:\/\/feeniks-koulu.fi\/wp_feeniks\/wp-json\/wp\/v2\/types\/page"}],"author":[{"embeddable":true,"href":"https:\/\/feeniks-koulu.fi\/wp_feeniks\/wp-json\/wp\/v2\/users\/8"}],"replies":[{"embeddable":true,"href":"https:\/\/feeniks-koulu.fi\/wp_feeniks\/wp-json\/wp\/v2\/comments?post=1134"}],"version-history":[{"count":11,"href":"https:\/\/feeniks-koulu.fi\/wp_feeniks\/wp-json\/wp\/v2\/pages\/1134\/revisions"}],"predecessor-version":[{"id":1162,"href":"https:\/\/feeniks-koulu.fi\/wp_feeniks\/wp-json\/wp\/v2\/pages\/1134\/revisions\/1162"}],"wp:attachment":[{"href":"https:\/\/feeniks-koulu.fi\/wp_feeniks\/wp-json\/wp\/v2\/media?parent=1134"}],"curies":[{"name":"wp","href":"https:\/\/api.w.org\/{rel}","templated":true}]}}