{"id":1082,"date":"2025-12-02T17:29:12","date_gmt":"2025-12-02T15:29:12","guid":{"rendered":"https:\/\/feeniks-koulu.fi\/wp_feeniks\/?page_id=1082"},"modified":"2026-04-08T15:45:02","modified_gmt":"2026-04-08T13:45:02","slug":"kurssit","status":"publish","type":"page","link":"https:\/\/feeniks-koulu.fi\/wp_feeniks\/kurssit\/","title":{"rendered":"Kurssit"},"content":{"rendered":"\n<p>Feeniks-nettikoulun kurssit kev\u00e4\u00e4ll\u00e4 2026 tarjovat <a href=\"https:\/\/feeniks-koulu.fi\/wp_feeniks\/musiikin-kurssi\/\">musiikkia<\/a>, <a href=\"https:\/\/feeniks-koulu.fi\/wp_feeniks\/englannin-ja-ruotsin-kielikurssit\/\">kielikursseja<\/a>, <a href=\"https:\/\/feeniks-koulu.fi\/wp_feeniks\/fysiikan-ja-kemian-kurssit\/\">fysiikkaa ja kemiaa<\/a> sek\u00e4 <a href=\"https:\/\/feeniks-koulu.fi\/wp_feeniks\/lasten-ja-nuorten-oma-media-kurssi\/\">lasten ja nuorten oman median<\/a>, eli lehden tekemist\u00e4.<\/p>\n\n\n\n<div class=\"wp-block-columns is-layout-flex wp-container-core-columns-is-layout-28f84493 wp-block-columns-is-layout-flex\">\n<div class=\"wp-block-column is-layout-flow wp-block-column-is-layout-flow\">\n<h2 class=\"wp-block-heading\">Musiikin kurssi<\/h2>\n\n\n\n<p>Tervetuloa opiskelemaan musiikkia palkitun musiikinopettajan ohjaamalle et\u00e4kurssille! T\u00e4ll\u00e4 kurssilla k\u00e4sitell\u00e4\u00e4n monipuolisesti musiikin eri aihealueita ja musisoidaan yhdess\u00e4.<\/p>\n\n\n\n<div class=\"wp-block-buttons is-layout-flex wp-block-buttons-is-layout-flex\">\n<div class=\"wp-block-button has-custom-width wp-block-button__width-75 button-green-light\"><a class=\"wp-block-button__link has-black-color has-light-green-cyan-background-color has-text-color has-background has-link-color has-small-font-size has-custom-font-size wp-element-button\" href=\"https:\/\/feeniks-koulu.fi\/wp_feeniks\/musiikin-kurssi\/\">LUE LIS\u00c4\u00c4<\/a><\/div>\n<\/div>\n<\/div>\n\n\n\n<div class=\"wp-block-column is-layout-flow wp-block-column-is-layout-flow\">\n<h2 class=\"wp-block-heading\">Fysiikan ja kemian kurssit<\/h2>\n\n\n\n<p>Tuntuuko kemian tai fysiikan opiskelu ty\u00f6l\u00e4\u00e4lt\u00e4? N\u00e4ytt\u00e4\u00e4k\u00f6 jaksollinen j\u00e4rjestelm\u00e4 oudolta? Ei h\u00e4t\u00e4\u00e4, osallistu kev\u00e4\u00e4ll\u00e4 Kemiaa selke\u00e4sti- ja Fysiikkaa selke\u00e4sti\u2013 kursseille.<\/p>\n\n\n\n<div class=\"wp-block-buttons is-layout-flex wp-block-buttons-is-layout-flex\">\n<div class=\"wp-block-button has-custom-width wp-block-button__width-75 button-green-light\"><a class=\"wp-block-button__link has-black-color has-light-green-cyan-background-color has-text-color has-background has-link-color has-small-font-size has-custom-font-size wp-element-button\" href=\"https:\/\/feeniks-koulu.fi\/wp_feeniks\/fysiikan-ja-kemian-kurssit\/\">LUE LIS\u00c4\u00c4<\/a><\/div>\n<\/div>\n<\/div>\n\n\n\n<div class=\"wp-block-column is-layout-flow wp-block-column-is-layout-flow\">\n<h2 class=\"wp-block-heading\">Englannin ja ruotsin kielikurssit<\/h2>\n\n\n\n<p>Tutustumme kieleen puhumisen ja kuuntelun, kirjoittamisen opettelun ja vihkoty\u00f6skentelyn sek\u00e4 musiikin, loruttelun ja kuvien kautta. Lapsi oppii arkip\u00e4iv\u00e4n sanoja ja sanontoja yhdess\u00e4 muiden kanssa.<\/p>\n\n\n\n<div class=\"wp-block-buttons is-layout-flex wp-block-buttons-is-layout-flex\">\n<div class=\"wp-block-button has-custom-width wp-block-button__width-75 button-green-light\"><a class=\"wp-block-button__link has-black-color has-light-green-cyan-background-color has-text-color has-background has-link-color has-small-font-size has-custom-font-size wp-element-button\" href=\"https:\/\/feeniks-koulu.fi\/wp_feeniks\/englannin-ja-ruotsin-kielikurssit\/\">LUE LIS\u00c4\u00c4<\/a><\/div>\n<\/div>\n<\/div>\n<\/div>\n\n\n\n<div class=\"wp-block-columns is-layout-flex wp-container-core-columns-is-layout-28f84493 wp-block-columns-is-layout-flex\">\n<div class=\"wp-block-column is-layout-flow wp-block-column-is-layout-flow\">\n<h2 class=\"wp-block-heading\">Lasten ja nuorten oma media -kurssi<\/h2>\n\n\n\n<p>Tee oma media ja opi vaikuttamaan! Ideoimme sis\u00e4ll\u00f6t yhdess\u00e4, harjoittelemme kirjoittamista, kuvittamista, grafiikan tekoa, sek\u00e4 kuvien editointia. Kurssin aikana syntyy oma painettu julkaisu.<\/p>\n\n\n\n<div class=\"wp-block-buttons is-layout-flex wp-block-buttons-is-layout-flex\">\n<div class=\"wp-block-button has-custom-width wp-block-button__width-75 button-green-light\"><a class=\"wp-block-button__link has-black-color has-light-green-cyan-background-color has-text-color has-background has-link-color has-small-font-size has-custom-font-size wp-element-button\" href=\"https:\/\/feeniks-koulu.fi\/wp_feeniks\/lasten-ja-nuorten-oma-media-kurssi\/\">LUE LIS\u00c4\u00c4<\/a><\/div>\n<\/div>\n<\/div>\n<\/div>\n","protected":false},"excerpt":{"rendered":"<p>Feeniks-nettikoulun kurssit kev\u00e4\u00e4ll\u00e4 2026 tarjovat musiikkia, kielikursseja, fysiikkaa ja kemiaa sek\u00e4 lasten ja nuorten oman median, eli lehden tekemist\u00e4. Musiikin kurssi Tervetuloa opiskelemaan musiikkia palkitun musiikinopettajan ohjaamalle et\u00e4kurssille! T\u00e4ll\u00e4 kurssilla k\u00e4sitell\u00e4\u00e4n monipuolisesti musiikin eri aihealueita ja musisoidaan yhdess\u00e4. Fysiikan ja kemian kurssit Tuntuuko kemian tai fysiikan opiskelu ty\u00f6l\u00e4\u00e4lt\u00e4? N\u00e4ytt\u00e4\u00e4k\u00f6 jaksollinen j\u00e4rjestelm\u00e4 oudolta? Ei h\u00e4t\u00e4\u00e4, osallistu [&hellip;]<\/p>\n","protected":false},"author":8,"featured_media":0,"parent":0,"menu_order":0,"comment_status":"closed","ping_status":"closed","template":"","meta":{"_monsterinsights_skip_tracking":false,"_monsterinsights_sitenote_active":false,"_monsterinsights_sitenote_note":"","_monsterinsights_sitenote_category":0,"footnotes":""},"class_list":["post-1082","page","type-page","status-publish","hentry"],"yoast_head":"<!-- This site is optimized with the Yoast SEO plugin v27.3 - https:\/\/yoast.com\/product\/yoast-seo-wordpress\/ -->\n<title>Kurssit - Feeniks-nettikoulu<\/title>\n<meta name=\"robots\" content=\"index, follow, max-snippet:-1, max-image-preview:large, max-video-preview:-1\" \/>\n<link rel=\"canonical\" href=\"https:\/\/feeniks-koulu.fi\/wp_feeniks\/kurssit\/\" \/>\n<meta property=\"og:locale\" content=\"fi_FI\" \/>\n<meta property=\"og:type\" content=\"article\" \/>\n<meta property=\"og:title\" content=\"Kurssit - Feeniks-nettikoulu\" \/>\n<meta property=\"og:description\" content=\"Feeniks-nettikoulun kurssit kev\u00e4\u00e4ll\u00e4 2026 tarjovat musiikkia, kielikursseja, fysiikkaa ja kemiaa sek\u00e4 lasten ja nuorten oman median, eli lehden tekemist\u00e4. Musiikin kurssi Tervetuloa opiskelemaan musiikkia palkitun musiikinopettajan ohjaamalle et\u00e4kurssille! T\u00e4ll\u00e4 kurssilla k\u00e4sitell\u00e4\u00e4n monipuolisesti musiikin eri aihealueita ja musisoidaan yhdess\u00e4. Fysiikan ja kemian kurssit Tuntuuko kemian tai fysiikan opiskelu ty\u00f6l\u00e4\u00e4lt\u00e4? N\u00e4ytt\u00e4\u00e4k\u00f6 jaksollinen j\u00e4rjestelm\u00e4 oudolta? Ei h\u00e4t\u00e4\u00e4, osallistu [&hellip;]\" \/>\n<meta property=\"og:url\" content=\"https:\/\/feeniks-koulu.fi\/wp_feeniks\/kurssit\/\" \/>\n<meta property=\"og:site_name\" content=\"Feeniks-nettikoulu\" \/>\n<meta property=\"article:modified_time\" content=\"2026-04-08T13:45:02+00:00\" \/>\n<meta name=\"twitter:card\" content=\"summary_large_image\" \/>\n<meta name=\"twitter:label1\" content=\"Arvioitu lukuaika\" \/>\n\t<meta name=\"twitter:data1\" content=\"1 minuutti\" \/>\n<script type=\"application\/ld+json\" class=\"yoast-schema-graph\">{\"@context\":\"https:\\\/\\\/schema.org\",\"@graph\":[{\"@type\":\"WebPage\",\"@id\":\"https:\\\/\\\/feeniks-koulu.fi\\\/wp_feeniks\\\/kurssit\\\/\",\"url\":\"https:\\\/\\\/feeniks-koulu.fi\\\/wp_feeniks\\\/kurssit\\\/\",\"name\":\"Kurssit - Feeniks-nettikoulu\",\"isPartOf\":{\"@id\":\"https:\\\/\\\/feeniks-koulu.fi\\\/wp_feeniks\\\/#website\"},\"datePublished\":\"2025-12-02T15:29:12+00:00\",\"dateModified\":\"2026-04-08T13:45:02+00:00\",\"breadcrumb\":{\"@id\":\"https:\\\/\\\/feeniks-koulu.fi\\\/wp_feeniks\\\/kurssit\\\/#breadcrumb\"},\"inLanguage\":\"fi\",\"potentialAction\":[{\"@type\":\"ReadAction\",\"target\":[\"https:\\\/\\\/feeniks-koulu.fi\\\/wp_feeniks\\\/kurssit\\\/\"]}]},{\"@type\":\"BreadcrumbList\",\"@id\":\"https:\\\/\\\/feeniks-koulu.fi\\\/wp_feeniks\\\/kurssit\\\/#breadcrumb\",\"itemListElement\":[{\"@type\":\"ListItem\",\"position\":1,\"name\":\"Etusivu\",\"item\":\"https:\\\/\\\/feeniks-koulu.fi\\\/wp_feeniks\\\/\"},{\"@type\":\"ListItem\",\"position\":2,\"name\":\"Kurssit\"}]},{\"@type\":\"WebSite\",\"@id\":\"https:\\\/\\\/feeniks-koulu.fi\\\/wp_feeniks\\\/#website\",\"url\":\"https:\\\/\\\/feeniks-koulu.fi\\\/wp_feeniks\\\/\",\"name\":\"Feeniks-nettikoulu\",\"description\":\"\",\"publisher\":{\"@id\":\"https:\\\/\\\/feeniks-koulu.fi\\\/wp_feeniks\\\/#organization\"},\"potentialAction\":[{\"@type\":\"SearchAction\",\"target\":{\"@type\":\"EntryPoint\",\"urlTemplate\":\"https:\\\/\\\/feeniks-koulu.fi\\\/wp_feeniks\\\/?s={search_term_string}\"},\"query-input\":{\"@type\":\"PropertyValueSpecification\",\"valueRequired\":true,\"valueName\":\"search_term_string\"}}],\"inLanguage\":\"fi\"},{\"@type\":\"Organization\",\"@id\":\"https:\\\/\\\/feeniks-koulu.fi\\\/wp_feeniks\\\/#organization\",\"name\":\"Feeniks-nettikoulu\",\"url\":\"https:\\\/\\\/feeniks-koulu.fi\\\/wp_feeniks\\\/\",\"logo\":{\"@type\":\"ImageObject\",\"inLanguage\":\"fi\",\"@id\":\"https:\\\/\\\/feeniks-koulu.fi\\\/wp_feeniks\\\/#\\\/schema\\\/logo\\\/image\\\/\",\"url\":\"https:\\\/\\\/feeniks-koulu.fi\\\/wp_feeniks\\\/wp-content\\\/uploads\\\/2016\\\/08\\\/oranssi_pieni.png\",\"contentUrl\":\"https:\\\/\\\/feeniks-koulu.fi\\\/wp_feeniks\\\/wp-content\\\/uploads\\\/2016\\\/08\\\/oranssi_pieni.png\",\"width\":600,\"height\":187,\"caption\":\"Feeniks-nettikoulu\"},\"image\":{\"@id\":\"https:\\\/\\\/feeniks-koulu.fi\\\/wp_feeniks\\\/#\\\/schema\\\/logo\\\/image\\\/\"}}]}<\/script>\n<!-- \/ Yoast SEO plugin. -->","yoast_head_json":{"title":"Kurssit - Feeniks-nettikoulu","robots":{"index":"index","follow":"follow","max-snippet":"max-snippet:-1","max-image-preview":"max-image-preview:large","max-video-preview":"max-video-preview:-1"},"canonical":"https:\/\/feeniks-koulu.fi\/wp_feeniks\/kurssit\/","og_locale":"fi_FI","og_type":"article","og_title":"Kurssit - Feeniks-nettikoulu","og_description":"Feeniks-nettikoulun kurssit kev\u00e4\u00e4ll\u00e4 2026 tarjovat musiikkia, kielikursseja, fysiikkaa ja kemiaa sek\u00e4 lasten ja nuorten oman median, eli lehden tekemist\u00e4. Musiikin kurssi Tervetuloa opiskelemaan musiikkia palkitun musiikinopettajan ohjaamalle et\u00e4kurssille! T\u00e4ll\u00e4 kurssilla k\u00e4sitell\u00e4\u00e4n monipuolisesti musiikin eri aihealueita ja musisoidaan yhdess\u00e4. Fysiikan ja kemian kurssit Tuntuuko kemian tai fysiikan opiskelu ty\u00f6l\u00e4\u00e4lt\u00e4? N\u00e4ytt\u00e4\u00e4k\u00f6 jaksollinen j\u00e4rjestelm\u00e4 oudolta? Ei h\u00e4t\u00e4\u00e4, osallistu [&hellip;]","og_url":"https:\/\/feeniks-koulu.fi\/wp_feeniks\/kurssit\/","og_site_name":"Feeniks-nettikoulu","article_modified_time":"2026-04-08T13:45:02+00:00","twitter_card":"summary_large_image","twitter_misc":{"Arvioitu lukuaika":"1 minuutti"},"schema":{"@context":"https:\/\/schema.org","@graph":[{"@type":"WebPage","@id":"https:\/\/feeniks-koulu.fi\/wp_feeniks\/kurssit\/","url":"https:\/\/feeniks-koulu.fi\/wp_feeniks\/kurssit\/","name":"Kurssit - Feeniks-nettikoulu","isPartOf":{"@id":"https:\/\/feeniks-koulu.fi\/wp_feeniks\/#website"},"datePublished":"2025-12-02T15:29:12+00:00","dateModified":"2026-04-08T13:45:02+00:00","breadcrumb":{"@id":"https:\/\/feeniks-koulu.fi\/wp_feeniks\/kurssit\/#breadcrumb"},"inLanguage":"fi","potentialAction":[{"@type":"ReadAction","target":["https:\/\/feeniks-koulu.fi\/wp_feeniks\/kurssit\/"]}]},{"@type":"BreadcrumbList","@id":"https:\/\/feeniks-koulu.fi\/wp_feeniks\/kurssit\/#breadcrumb","itemListElement":[{"@type":"ListItem","position":1,"name":"Etusivu","item":"https:\/\/feeniks-koulu.fi\/wp_feeniks\/"},{"@type":"ListItem","position":2,"name":"Kurssit"}]},{"@type":"WebSite","@id":"https:\/\/feeniks-koulu.fi\/wp_feeniks\/#website","url":"https:\/\/feeniks-koulu.fi\/wp_feeniks\/","name":"Feeniks-nettikoulu","description":"","publisher":{"@id":"https:\/\/feeniks-koulu.fi\/wp_feeniks\/#organization"},"potentialAction":[{"@type":"SearchAction","target":{"@type":"EntryPoint","urlTemplate":"https:\/\/feeniks-koulu.fi\/wp_feeniks\/?s={search_term_string}"},"query-input":{"@type":"PropertyValueSpecification","valueRequired":true,"valueName":"search_term_string"}}],"inLanguage":"fi"},{"@type":"Organization","@id":"https:\/\/feeniks-koulu.fi\/wp_feeniks\/#organization","name":"Feeniks-nettikoulu","url":"https:\/\/feeniks-koulu.fi\/wp_feeniks\/","logo":{"@type":"ImageObject","inLanguage":"fi","@id":"https:\/\/feeniks-koulu.fi\/wp_feeniks\/#\/schema\/logo\/image\/","url":"https:\/\/feeniks-koulu.fi\/wp_feeniks\/wp-content\/uploads\/2016\/08\/oranssi_pieni.png","contentUrl":"https:\/\/feeniks-koulu.fi\/wp_feeniks\/wp-content\/uploads\/2016\/08\/oranssi_pieni.png","width":600,"height":187,"caption":"Feeniks-nettikoulu"},"image":{"@id":"https:\/\/feeniks-koulu.fi\/wp_feeniks\/#\/schema\/logo\/image\/"}}]}},"_links":{"self":[{"href":"https:\/\/feeniks-koulu.fi\/wp_feeniks\/wp-json\/wp\/v2\/pages\/1082","targetHints":{"allow":["GET"]}}],"collection":[{"href":"https:\/\/feeniks-koulu.fi\/wp_feeniks\/wp-json\/wp\/v2\/pages"}],"about":[{"href":"https:\/\/feeniks-koulu.fi\/wp_feeniks\/wp-json\/wp\/v2\/types\/page"}],"author":[{"embeddable":true,"href":"https:\/\/feeniks-koulu.fi\/wp_feeniks\/wp-json\/wp\/v2\/users\/8"}],"replies":[{"embeddable":true,"href":"https:\/\/feeniks-koulu.fi\/wp_feeniks\/wp-json\/wp\/v2\/comments?post=1082"}],"version-history":[{"count":35,"href":"https:\/\/feeniks-koulu.fi\/wp_feeniks\/wp-json\/wp\/v2\/pages\/1082\/revisions"}],"predecessor-version":[{"id":1526,"href":"https:\/\/feeniks-koulu.fi\/wp_feeniks\/wp-json\/wp\/v2\/pages\/1082\/revisions\/1526"}],"wp:attachment":[{"href":"https:\/\/feeniks-koulu.fi\/wp_feeniks\/wp-json\/wp\/v2\/media?parent=1082"}],"curies":[{"name":"wp","href":"https:\/\/api.w.org\/{rel}","templated":true}]}}