{"id":10,"date":"2016-08-15T14:26:49","date_gmt":"2016-08-15T14:26:49","guid":{"rendered":"https:\/\/feeniks-koulu.fi\/wp_feeniks\/?page_id=10"},"modified":"2026-03-18T14:04:55","modified_gmt":"2026-03-18T12:04:55","slug":"historia","status":"publish","type":"page","link":"https:\/\/feeniks-koulu.fi\/wp_feeniks\/historia\/","title":{"rendered":"Historia"},"content":{"rendered":"<p align=\"left\"><strong>Feeniks-koulu<\/strong> aloitti toimintansa l\u00e4hikouluna syksyll\u00e4 2005. Ensimm\u00e4iset kaksi vuotta oppilaat ja opettajat kokoontuivat Keravan kirjastolla. Oppilaat tekiv\u00e4t teht\u00e4vi\u00e4\u00e4n omaan tahtiinsa Feeniks-koulun ohjaajan tuella, k\u00e4ytt\u00e4en <a href=\"https:\/\/www.otavanopisto.fi\" target=\"_blank\" rel=\"noopener noreferrer\">Otavan opiston<\/a> nettiperuskoulun oppimateriaaleja ja opetussuunnitelmaa. Yhteisty\u00f6 Otavan Opiston kanssa jouduttiin kuitenkin lopettamaan, koska Otavan opiston <a href=\"https:\/\/www.nettiperuskoulu.fi\" target=\"_blank\" rel=\"noopener noreferrer\">Nettiperuskoulun<\/a> opetussuunnitelma on suunnattu aikuisille, eik\u00e4 sis\u00e4ll\u00e4 oppivelvollisille kaikkia pakollisia kursseja.<\/p>\n<p>T\u00e4m\u00e4n j\u00e4lkeen her\u00e4si kysymys, miten yhdist\u00e4\u00e4 oppilaiden omatoimisuus ja vapaus suomalaiseen oppivelvollisuuteen ja pakollisiin oppisis\u00e4lt\u00f6ihin. Syntyi ajatus oppisis\u00e4lt\u00f6jen muuttamisesta yksinkertaisiksi kysymyksiksi ja teht\u00e4viksi, joita oppilaat voisivat tehd\u00e4 omaan tahtiinsa, oman kiinnostuksensa mukaisesti.<\/p>\n<p>Syksyyn 2008 menness\u00e4 oli tehty Wiki-pohjainen j\u00e4rjestelm\u00e4, josta oppilaille tulostettiin teht\u00e4v\u00e4listat. Teht\u00e4v\u00e4listojen l\u00e4pik\u00e4ynti paperilta ei kuitenkaan tuntunut kovin motivoivalta ja ty\u00f6m\u00e4\u00e4r\u00e4n hahmottaminen oli hankalaa.<\/p>\n<p>Monista syist\u00e4 johtuen l\u00e4hikouluna toiminut Feeniks-koulu p\u00e4\u00e4tettiin syksyll\u00e4 2008 laittaa telakalle odottamaan. Talvella 2010 her\u00e4si idea uudenlaisesta nettipohjaisesta opiskeluymp\u00e4rist\u00f6st\u00e4. Oppilaat voisivat poimia kysymykset suoraan netist\u00e4 ja j\u00e4rjestelm\u00e4 merkitsisi teht\u00e4v\u00e4t tehdyksi ja ohjaisi oppilasta opinnoissaan. Samalla ratkeaisi ongelma siit\u00e4, ett\u00e4 oppilaat tulivat ymp\u00e4ri Suomea. Nettij\u00e4rjestelm\u00e4 voitaisiin tarjota jokaiselle suomalaiselle nuorelle paikasta ja ajasta riippumatta. Samalla oppilaat voisivat olla kesken\u00e4\u00e4n yhteyksiss\u00e4 netin v\u00e4lityksell\u00e4.<\/p>\n<p>Vuoden 2011 aikana ty\u00f6stettiin ensimm\u00e4ist\u00e4 versiota uudesta opiskeluymp\u00e4rist\u00f6t\u00e4, ja osa oppilaista aloitti sen testik\u00e4yt\u00f6n. Kev\u00e4\u00e4ll\u00e4 2012 alkoi kakkosversion ty\u00f6st\u00e4minen ja se otettiin testik\u00e4ytt\u00f6\u00f6n toukokuussa. J\u00e4rjestelm\u00e4\u00e4 on kehitetty jatkuvasti ja se on k\u00e4\u00e4nnetty jo useammalle kielelle.<\/p>\n<p>Nykyisin nimeksemme on vakiintunut Feeniks-nettikoulu. Uusi nimi kuvaa paremmin tapaamme toimia &#8211; koulu on verkkopohjainen ja sit\u00e4 voi k\u00e4yd\u00e4 mist\u00e4 p\u00e4in maailmaa tahansa. Vuonna 2025 toteutimme my\u00f6s ison j\u00e4rjestelm\u00e4uudistuksen ja otimme k\u00e4ytt\u00f6\u00f6n ns. nettikoulun 2.0 version. Ulkoasun selkeytyksen lis\u00e4ksi toimintoihin tuli huomattava muutos. N\u00e4ill\u00e4 muutoksilla halusimme parantaa Feeniks-nettikoulun k\u00e4ytett\u00e4vyytt\u00e4 sek\u00e4 tuoda k\u00e4ytt\u00e4jille lis\u00e4\u00e4 ominaisuuksia ja personointimahdollisuuksia.<\/p>\n<p>Jatkamme yh\u00e4 nettikoulun kehitt\u00e4mist\u00e4 ja otamme mielell\u00e4\u00e4n vastaan palautetta eri toiminnoista.<\/p>\n","protected":false},"excerpt":{"rendered":"<p>Feeniks-koulu aloitti toimintansa l\u00e4hikouluna syksyll\u00e4 2005. Ensimm\u00e4iset kaksi vuotta oppilaat ja opettajat kokoontuivat Keravan kirjastolla. Oppilaat tekiv\u00e4t teht\u00e4vi\u00e4\u00e4n omaan tahtiinsa Feeniks-koulun ohjaajan tuella, k\u00e4ytt\u00e4en Otavan opiston nettiperuskoulun oppimateriaaleja ja opetussuunnitelmaa. Yhteisty\u00f6 Otavan Opiston kanssa jouduttiin kuitenkin lopettamaan, koska Otavan opiston Nettiperuskoulun opetussuunnitelma on suunnattu aikuisille, eik\u00e4 sis\u00e4ll\u00e4 oppivelvollisille kaikkia pakollisia kursseja. T\u00e4m\u00e4n j\u00e4lkeen her\u00e4si kysymys, [&hellip;]<\/p>\n","protected":false},"author":1,"featured_media":1254,"parent":0,"menu_order":0,"comment_status":"closed","ping_status":"closed","template":"","meta":{"_monsterinsights_skip_tracking":false,"_monsterinsights_sitenote_active":false,"_monsterinsights_sitenote_note":"","_monsterinsights_sitenote_category":0,"footnotes":""},"class_list":["post-10","page","type-page","status-publish","has-post-thumbnail","hentry"],"yoast_head":"<!-- This site is optimized with the Yoast SEO plugin v27.3 - https:\/\/yoast.com\/product\/yoast-seo-wordpress\/ -->\n<title>Historia - Feeniks-nettikoulu<\/title>\n<meta name=\"robots\" content=\"index, follow, max-snippet:-1, max-image-preview:large, max-video-preview:-1\" \/>\n<link rel=\"canonical\" href=\"https:\/\/feeniks-koulu.fi\/wp_feeniks\/historia\/\" \/>\n<meta property=\"og:locale\" content=\"fi_FI\" \/>\n<meta property=\"og:type\" content=\"article\" \/>\n<meta property=\"og:title\" content=\"Historia - Feeniks-nettikoulu\" \/>\n<meta property=\"og:description\" content=\"Feeniks-koulu aloitti toimintansa l\u00e4hikouluna syksyll\u00e4 2005. Ensimm\u00e4iset kaksi vuotta oppilaat ja opettajat kokoontuivat Keravan kirjastolla. Oppilaat tekiv\u00e4t teht\u00e4vi\u00e4\u00e4n omaan tahtiinsa Feeniks-koulun ohjaajan tuella, k\u00e4ytt\u00e4en Otavan opiston nettiperuskoulun oppimateriaaleja ja opetussuunnitelmaa. Yhteisty\u00f6 Otavan Opiston kanssa jouduttiin kuitenkin lopettamaan, koska Otavan opiston Nettiperuskoulun opetussuunnitelma on suunnattu aikuisille, eik\u00e4 sis\u00e4ll\u00e4 oppivelvollisille kaikkia pakollisia kursseja. T\u00e4m\u00e4n j\u00e4lkeen her\u00e4si kysymys, [&hellip;]\" \/>\n<meta property=\"og:url\" content=\"https:\/\/feeniks-koulu.fi\/wp_feeniks\/historia\/\" \/>\n<meta property=\"og:site_name\" content=\"Feeniks-nettikoulu\" \/>\n<meta property=\"article:modified_time\" content=\"2026-03-18T12:04:55+00:00\" \/>\n<meta property=\"og:image\" content=\"https:\/\/feeniks-koulu.fi\/wp_feeniks\/wp-content\/uploads\/2026\/02\/5.jpg\" \/>\n\t<meta property=\"og:image:width\" content=\"1800\" \/>\n\t<meta property=\"og:image:height\" content=\"677\" \/>\n\t<meta property=\"og:image:type\" content=\"image\/jpeg\" \/>\n<meta name=\"twitter:card\" content=\"summary_large_image\" \/>\n<meta name=\"twitter:label1\" content=\"Arvioitu lukuaika\" \/>\n\t<meta name=\"twitter:data1\" content=\"2 minuuttia\" \/>\n<script type=\"application\/ld+json\" class=\"yoast-schema-graph\">{\"@context\":\"https:\\\/\\\/schema.org\",\"@graph\":[{\"@type\":\"WebPage\",\"@id\":\"https:\\\/\\\/feeniks-koulu.fi\\\/wp_feeniks\\\/historia\\\/\",\"url\":\"https:\\\/\\\/feeniks-koulu.fi\\\/wp_feeniks\\\/historia\\\/\",\"name\":\"Historia - Feeniks-nettikoulu\",\"isPartOf\":{\"@id\":\"https:\\\/\\\/feeniks-koulu.fi\\\/wp_feeniks\\\/#website\"},\"primaryImageOfPage\":{\"@id\":\"https:\\\/\\\/feeniks-koulu.fi\\\/wp_feeniks\\\/historia\\\/#primaryimage\"},\"image\":{\"@id\":\"https:\\\/\\\/feeniks-koulu.fi\\\/wp_feeniks\\\/historia\\\/#primaryimage\"},\"thumbnailUrl\":\"https:\\\/\\\/feeniks-koulu.fi\\\/wp_feeniks\\\/wp-content\\\/uploads\\\/2026\\\/02\\\/5.jpg\",\"datePublished\":\"2016-08-15T14:26:49+00:00\",\"dateModified\":\"2026-03-18T12:04:55+00:00\",\"breadcrumb\":{\"@id\":\"https:\\\/\\\/feeniks-koulu.fi\\\/wp_feeniks\\\/historia\\\/#breadcrumb\"},\"inLanguage\":\"fi\",\"potentialAction\":[{\"@type\":\"ReadAction\",\"target\":[\"https:\\\/\\\/feeniks-koulu.fi\\\/wp_feeniks\\\/historia\\\/\"]}]},{\"@type\":\"ImageObject\",\"inLanguage\":\"fi\",\"@id\":\"https:\\\/\\\/feeniks-koulu.fi\\\/wp_feeniks\\\/historia\\\/#primaryimage\",\"url\":\"https:\\\/\\\/feeniks-koulu.fi\\\/wp_feeniks\\\/wp-content\\\/uploads\\\/2026\\\/02\\\/5.jpg\",\"contentUrl\":\"https:\\\/\\\/feeniks-koulu.fi\\\/wp_feeniks\\\/wp-content\\\/uploads\\\/2026\\\/02\\\/5.jpg\",\"width\":1800,\"height\":677},{\"@type\":\"BreadcrumbList\",\"@id\":\"https:\\\/\\\/feeniks-koulu.fi\\\/wp_feeniks\\\/historia\\\/#breadcrumb\",\"itemListElement\":[{\"@type\":\"ListItem\",\"position\":1,\"name\":\"Etusivu\",\"item\":\"https:\\\/\\\/feeniks-koulu.fi\\\/wp_feeniks\\\/\"},{\"@type\":\"ListItem\",\"position\":2,\"name\":\"Historia\"}]},{\"@type\":\"WebSite\",\"@id\":\"https:\\\/\\\/feeniks-koulu.fi\\\/wp_feeniks\\\/#website\",\"url\":\"https:\\\/\\\/feeniks-koulu.fi\\\/wp_feeniks\\\/\",\"name\":\"Feeniks-nettikoulu\",\"description\":\"\",\"publisher\":{\"@id\":\"https:\\\/\\\/feeniks-koulu.fi\\\/wp_feeniks\\\/#organization\"},\"potentialAction\":[{\"@type\":\"SearchAction\",\"target\":{\"@type\":\"EntryPoint\",\"urlTemplate\":\"https:\\\/\\\/feeniks-koulu.fi\\\/wp_feeniks\\\/?s={search_term_string}\"},\"query-input\":{\"@type\":\"PropertyValueSpecification\",\"valueRequired\":true,\"valueName\":\"search_term_string\"}}],\"inLanguage\":\"fi\"},{\"@type\":\"Organization\",\"@id\":\"https:\\\/\\\/feeniks-koulu.fi\\\/wp_feeniks\\\/#organization\",\"name\":\"Feeniks-nettikoulu\",\"url\":\"https:\\\/\\\/feeniks-koulu.fi\\\/wp_feeniks\\\/\",\"logo\":{\"@type\":\"ImageObject\",\"inLanguage\":\"fi\",\"@id\":\"https:\\\/\\\/feeniks-koulu.fi\\\/wp_feeniks\\\/#\\\/schema\\\/logo\\\/image\\\/\",\"url\":\"https:\\\/\\\/feeniks-koulu.fi\\\/wp_feeniks\\\/wp-content\\\/uploads\\\/2016\\\/08\\\/oranssi_pieni.png\",\"contentUrl\":\"https:\\\/\\\/feeniks-koulu.fi\\\/wp_feeniks\\\/wp-content\\\/uploads\\\/2016\\\/08\\\/oranssi_pieni.png\",\"width\":600,\"height\":187,\"caption\":\"Feeniks-nettikoulu\"},\"image\":{\"@id\":\"https:\\\/\\\/feeniks-koulu.fi\\\/wp_feeniks\\\/#\\\/schema\\\/logo\\\/image\\\/\"}}]}<\/script>\n<!-- \/ Yoast SEO plugin. -->","yoast_head_json":{"title":"Historia - Feeniks-nettikoulu","robots":{"index":"index","follow":"follow","max-snippet":"max-snippet:-1","max-image-preview":"max-image-preview:large","max-video-preview":"max-video-preview:-1"},"canonical":"https:\/\/feeniks-koulu.fi\/wp_feeniks\/historia\/","og_locale":"fi_FI","og_type":"article","og_title":"Historia - Feeniks-nettikoulu","og_description":"Feeniks-koulu aloitti toimintansa l\u00e4hikouluna syksyll\u00e4 2005. Ensimm\u00e4iset kaksi vuotta oppilaat ja opettajat kokoontuivat Keravan kirjastolla. Oppilaat tekiv\u00e4t teht\u00e4vi\u00e4\u00e4n omaan tahtiinsa Feeniks-koulun ohjaajan tuella, k\u00e4ytt\u00e4en Otavan opiston nettiperuskoulun oppimateriaaleja ja opetussuunnitelmaa. Yhteisty\u00f6 Otavan Opiston kanssa jouduttiin kuitenkin lopettamaan, koska Otavan opiston Nettiperuskoulun opetussuunnitelma on suunnattu aikuisille, eik\u00e4 sis\u00e4ll\u00e4 oppivelvollisille kaikkia pakollisia kursseja. T\u00e4m\u00e4n j\u00e4lkeen her\u00e4si kysymys, [&hellip;]","og_url":"https:\/\/feeniks-koulu.fi\/wp_feeniks\/historia\/","og_site_name":"Feeniks-nettikoulu","article_modified_time":"2026-03-18T12:04:55+00:00","og_image":[{"width":1800,"height":677,"url":"https:\/\/feeniks-koulu.fi\/wp_feeniks\/wp-content\/uploads\/2026\/02\/5.jpg","type":"image\/jpeg"}],"twitter_card":"summary_large_image","twitter_misc":{"Arvioitu lukuaika":"2 minuuttia"},"schema":{"@context":"https:\/\/schema.org","@graph":[{"@type":"WebPage","@id":"https:\/\/feeniks-koulu.fi\/wp_feeniks\/historia\/","url":"https:\/\/feeniks-koulu.fi\/wp_feeniks\/historia\/","name":"Historia - Feeniks-nettikoulu","isPartOf":{"@id":"https:\/\/feeniks-koulu.fi\/wp_feeniks\/#website"},"primaryImageOfPage":{"@id":"https:\/\/feeniks-koulu.fi\/wp_feeniks\/historia\/#primaryimage"},"image":{"@id":"https:\/\/feeniks-koulu.fi\/wp_feeniks\/historia\/#primaryimage"},"thumbnailUrl":"https:\/\/feeniks-koulu.fi\/wp_feeniks\/wp-content\/uploads\/2026\/02\/5.jpg","datePublished":"2016-08-15T14:26:49+00:00","dateModified":"2026-03-18T12:04:55+00:00","breadcrumb":{"@id":"https:\/\/feeniks-koulu.fi\/wp_feeniks\/historia\/#breadcrumb"},"inLanguage":"fi","potentialAction":[{"@type":"ReadAction","target":["https:\/\/feeniks-koulu.fi\/wp_feeniks\/historia\/"]}]},{"@type":"ImageObject","inLanguage":"fi","@id":"https:\/\/feeniks-koulu.fi\/wp_feeniks\/historia\/#primaryimage","url":"https:\/\/feeniks-koulu.fi\/wp_feeniks\/wp-content\/uploads\/2026\/02\/5.jpg","contentUrl":"https:\/\/feeniks-koulu.fi\/wp_feeniks\/wp-content\/uploads\/2026\/02\/5.jpg","width":1800,"height":677},{"@type":"BreadcrumbList","@id":"https:\/\/feeniks-koulu.fi\/wp_feeniks\/historia\/#breadcrumb","itemListElement":[{"@type":"ListItem","position":1,"name":"Etusivu","item":"https:\/\/feeniks-koulu.fi\/wp_feeniks\/"},{"@type":"ListItem","position":2,"name":"Historia"}]},{"@type":"WebSite","@id":"https:\/\/feeniks-koulu.fi\/wp_feeniks\/#website","url":"https:\/\/feeniks-koulu.fi\/wp_feeniks\/","name":"Feeniks-nettikoulu","description":"","publisher":{"@id":"https:\/\/feeniks-koulu.fi\/wp_feeniks\/#organization"},"potentialAction":[{"@type":"SearchAction","target":{"@type":"EntryPoint","urlTemplate":"https:\/\/feeniks-koulu.fi\/wp_feeniks\/?s={search_term_string}"},"query-input":{"@type":"PropertyValueSpecification","valueRequired":true,"valueName":"search_term_string"}}],"inLanguage":"fi"},{"@type":"Organization","@id":"https:\/\/feeniks-koulu.fi\/wp_feeniks\/#organization","name":"Feeniks-nettikoulu","url":"https:\/\/feeniks-koulu.fi\/wp_feeniks\/","logo":{"@type":"ImageObject","inLanguage":"fi","@id":"https:\/\/feeniks-koulu.fi\/wp_feeniks\/#\/schema\/logo\/image\/","url":"https:\/\/feeniks-koulu.fi\/wp_feeniks\/wp-content\/uploads\/2016\/08\/oranssi_pieni.png","contentUrl":"https:\/\/feeniks-koulu.fi\/wp_feeniks\/wp-content\/uploads\/2016\/08\/oranssi_pieni.png","width":600,"height":187,"caption":"Feeniks-nettikoulu"},"image":{"@id":"https:\/\/feeniks-koulu.fi\/wp_feeniks\/#\/schema\/logo\/image\/"}}]}},"_links":{"self":[{"href":"https:\/\/feeniks-koulu.fi\/wp_feeniks\/wp-json\/wp\/v2\/pages\/10","targetHints":{"allow":["GET"]}}],"collection":[{"href":"https:\/\/feeniks-koulu.fi\/wp_feeniks\/wp-json\/wp\/v2\/pages"}],"about":[{"href":"https:\/\/feeniks-koulu.fi\/wp_feeniks\/wp-json\/wp\/v2\/types\/page"}],"author":[{"embeddable":true,"href":"https:\/\/feeniks-koulu.fi\/wp_feeniks\/wp-json\/wp\/v2\/users\/1"}],"replies":[{"embeddable":true,"href":"https:\/\/feeniks-koulu.fi\/wp_feeniks\/wp-json\/wp\/v2\/comments?post=10"}],"version-history":[{"count":12,"href":"https:\/\/feeniks-koulu.fi\/wp_feeniks\/wp-json\/wp\/v2\/pages\/10\/revisions"}],"predecessor-version":[{"id":1448,"href":"https:\/\/feeniks-koulu.fi\/wp_feeniks\/wp-json\/wp\/v2\/pages\/10\/revisions\/1448"}],"wp:featuredmedia":[{"embeddable":true,"href":"https:\/\/feeniks-koulu.fi\/wp_feeniks\/wp-json\/wp\/v2\/media\/1254"}],"wp:attachment":[{"href":"https:\/\/feeniks-koulu.fi\/wp_feeniks\/wp-json\/wp\/v2\/media?parent=10"}],"curies":[{"name":"wp","href":"https:\/\/api.w.org\/{rel}","templated":true}]}}